{"id":149,"date":"2018-02-07T11:15:08","date_gmt":"2018-02-07T11:15:08","guid":{"rendered":"http:\/\/oco.ro\/?page_id=149"},"modified":"2020-05-02T07:23:25","modified_gmt":"2020-05-02T07:23:25","slug":"contact","status":"publish","type":"page","link":"https:\/\/oco.ro\/?page_id=149","title":{"rendered":"Contact"},"content":{"rendered":"<div id=\"pl-149\"  class=\"panel-layout\" ><div id=\"pg-149-0\"  class=\"panel-grid panel-has-style\" ><div style=\"padding: 1px 0; \" data-overlay=\"true\" data-overlay-color=\"#000000\" class=\"panel-row-style panel-row-style-for-149-0\" ><div id=\"pgc-149-0-0\"  class=\"panel-grid-cell\" ><div id=\"panel-149-0-0-0\" class=\"so-panel widget widget_text panel-first-child panel-last-child\" data-index=\"0\" ><div style=\"text-align: left;\" data-title-color=\"#443f3f\" data-headings-color=\"#443f3f\" class=\"panel-widget-style panel-widget-style-for-149-0-0-0\" >\t\t\t<div class=\"textwidget\"><p>Pentru orice detalii, intrebari sau oferte va rugam sa ne contactati pe email sau telefon.<\/p>\n<p>Nu uitati insa ca multe din activitatile pe care le organizam presupun deplasarea in natura uneori in zone unde accesul la internet este limitat. Noi \u00eencerc\u0103m s\u0103 r\u0103spundem la mesaje c\u00e2t mai rapid cu putin\u021b\u0103, dar se mai \u00eent\u00e2mpl\u0103 s\u0103\u00a0v\u0103 r\u0103spundem cu \u00eent\u00e2rziere.<\/p>\n<p>Dac\u0103 este ceva urgent, v\u0103 rug\u0103m s\u0103 ne contacta\u021bi telefonic.<\/p>\n<p>Florin Ocolisan<br \/>\n0723 864 727<br \/>\nEmail:\u00a0 floriocolisan@gmail.com<br \/>\nFacebook: Oco Bike&amp;Hike<\/p>\n<p>Ghid turism national tour operator (atestat nr. 5572)<\/p>\n<p>Lider Montan International (certificat Seria L, Nr. 9645)<\/p>\n<p>De cur\u00e2nd am povestit despre liderul montan \u00een cadrul unui interviu acordat asocia\u021biei <a href=\"https:\/\/ghizimontani.org\/\">SGLM<\/a><\/p>\n<p><strong>Cum te-ai hot\u0103r\u00e2t s\u0103 devii IML?<\/strong><br \/>\nMagia muntelui m-a atras dintotdeauna. Acolo am aflat c\u0103 tr\u0103iesc \u00eentr-un univers armonios unde stelele \u00eemi arat\u0103 calea iar soarele \u00eemi dezv\u0103luie frumuse\u021bea florilor. \u0218i tot acolo am aflat c\u0103 efortul nu r\u0103m\u00e2ne niciodat\u0103 ner\u0103spl\u0103tit. La \u00eenceput mergeam c\u00e2te pu\u021bin, \u00een drume\u021bii u\u0219oare, dar cu timpul mi-am propus s\u0103 \u201ccuceresc\u201d \u00een\u0103l\u021bimile. Am ales trasee tot mai dificile, mun\u021bi mai \u00eenal\u021bi \u0219i mai \u00eendep\u0103rta\u021bi \u0219i n-am putut s\u0103 \u021bin toate frumuse\u021bile acestea doar pentru mine. Mi-a pl\u0103cut \u0219i \u00eemi place s\u0103 le \u00eemp\u0103rt\u0103\u0219esc \u0219i altora. Pasul spre ghidaj a venit, apoi, natural.<br \/>\n\u00cen 2015 aveam de ales \u00eentre a urma cursul de ghidul montan, cu atestat valabil doar \u00een Romania, sau pe acela, aparent mai modest, de IML (pe care eu prefer sa \u00eel traduc \u201cghid de drume\u021bie\u201d) \u00eens\u0103 cu un atestat recunoscut interna\u021bional.<br \/>\nNu a fost o decizie simpl\u0103 mai ales c\u0103 pe atunci meseria de IML era practic necunoscut\u0103 \u00een Romania. Am \u00een\u021beles totu\u0219i c\u0103 o afiliere interna\u021bional\u0103 este o garan\u021bie a calit\u0103\u021bii \u0219i profesionalismului celor implica\u021bi, \u00een cazul nostru SGLM (mai ales ca exemplul celorlalte organiza\u021bii de acest gen din Romania nu m-a prea convins).<br \/>\nAst\u0103zi, dup\u0103 4 ani petrecu\u021bi al\u0103turi de SGLM, pot spune \u00een continuare c\u0103 am mai multe avantaje datorit\u0103 afilierii la UIMLA (programe de preg\u0103tire profesional\u0103 continu\u0103, asigurare profesional\u0103, colabor\u0103ri cu colegi din alte \u021b\u0103ri europene \u0219i nu numai) dec\u00e2t limit\u0103ri date de statutul de ghid de drume\u021bie.<\/p>\n<p><strong>Cum ar\u0103ta via\u021ba ta \u00eenainte s\u0103 devii IML?<\/strong><br \/>\nVia\u021ba mea \u00eenainte s\u0103 devin IML, hmmm, a\u0219 spune c\u0103 arata ca via\u021ba unui montaniard \u00eemp\u0103timit. A\u0219teptam s\u0103 treac\u0103 saptam\u00e2na ca s\u0103 pot merge din nou la munte. Dup\u0103 un timp, \u00een care am reu\u0219it s\u0103 parcurg creasta principal\u0103 a aproape tuturor masivelor din \u021bar\u0103, mare parte doar \u00eempreun\u0103 cu so\u021bia, am \u00eenceput s\u0103 ne uit\u0103m \u0219i la mun\u021bii din jurul nostru.<br \/>\nA\u0219a se face c\u0103 \u00een 2007, consiliat la telefon de dl Dinu Mititeanu, am decis s\u0103 mergem \u00een Alpi. Acela a fost momentul \u00een care am realizat ca \u0219i al\u021bii au munti frumosi\u00a0<span class=\"_47e3 _5mfr\" title=\"smile emoticon\"><img decoding=\"async\" class=\"img\" role=\"presentation\" src=\"https:\/\/static.xx.fbcdn.net\/images\/emoji.php\/v9\/ta5\/1.5\/16\/1f642.png\" alt=\"\" width=\"16\" height=\"16\" \/><\/span>\u00a0Am continuat apoi, matematic, \u00een fiecare an, s\u0103 urc\u0103m v\u00e2rfuri \u00eenalte, \u00een special \u00een Alpi dar \u0219i \u00een alte masive: Tatra, Durmitor, Atlas sau Himalaya.<br \/>\nLucrurile s-au schimbat radical dupa cursul de IML. Au ap\u0103rut turele profesionale iar cercul de prieteni s-a m\u0103rit considerabil \u0219i destul de repede. Mai mult, anumite aspecte precum rutele altenative, condi\u021biile de la cabane, durata turelor, alegerea persoanelor care formeaz\u0103 grupul, au adevenit mult mai importante.<\/p>\n<p><strong>Care este cea mai memorabil\u0103 tur\u0103 pe care ai ghidat-o?<\/strong><br \/>\nDe-a lungul timpului au fost mai multe ture pe care le-am organizat \u0219i condus eu \u0219i pe care le-a\u0219 putea contabiliza drept ture ghidate. Av\u00e2nd \u00een vedere c\u0103 sunt IML doar din septembrie 2017 o s\u0103 aleg totu\u0219i o tur\u0103 din aceast\u0103 perioad\u0103 iar c\u00e2\u0219tig\u0103torul ar fi: Laugavegur trail (care conform unui top publicat de National Geografic este \u00een Worldwide Top 20 trasee de trekking).<br \/>\nLaugavegur este un traseu de drume\u021bie de 55km din sudul Islandei care \u00eencepe la izvoarele geotermale Landmannalaugar \u0219i continu\u0103 p\u00e2n\u0103 la rezerva\u021bia natural\u0103 \u00de\u00f3rsm\u00f6rk situat\u0103 \u00een valea cu acela\u0219i nume. Valea larg\u0103 \u0219i dramatic\u0103 \u00de\u00f3rsm\u00f6rk se afl\u0103 la poalele Eyjafjallaj\u00f6kull, un vulcan activ a c\u0103rui ultim\u0103 erup\u021bie a perturbat serios traficul aerian din \u00eentreaga lume. Traseul parcurge peisaje uimitoare, traverseaz\u0103 chei, ghe\u021bari \u0219i mun\u021bi multicolori de riolite.<\/p>\n<p><strong>Care ar fi destina\u021bia ideal\u0103 unde ai vrea s\u0103 ghidezi?<\/strong><br \/>\n\u00cen 2013 am petrecut o lun\u0103 \u00een Nepal, timp \u00een care am parcurs 2 trasee cunoscute de trekking (Gokio Valey \u0219i Everest Base camp) iar la sf\u00e2r\u0219itul turei, c\u00e2nd eram cel mai bine aclimatiza\u021bi, am urcat Island Peak (care, \u00een ciuda celor 6190m, este \u00eencadrat totu\u0219i la trekking). Peisajele incredibile, diferen\u021bele culturale, religia budist\u0103 \u0219i nu \u00een ultimul r\u00e2nd aromele gastronomiei locale mi-au r\u0103mas ad\u00e2nc \u00eentip\u0103rite \u00een suflet. Ast\u0103zi planuiesc s\u0103 m\u0103 \u00eentorc \u00een Nepal \u0219i pot spune f\u0103r\u0103 s\u0103 ezit c\u0103 este destina\u021bia ideal\u0103. Probabil c\u0103 \u00een viitor pa\u0219ii m\u0103 vor purta spre alte locuri minunate, cel pu\u021bin a\u0219a sper \u0219i probabil destina\u021bia ideal\u0103 se va schimba.<\/p>\n<\/div>\n\t\t<\/div><\/div><\/div><div id=\"pgc-149-0-1\"  class=\"panel-grid-cell\" ><div id=\"panel-149-0-1-0\" class=\"so-panel widget widget_media_image panel-first-child panel-last-child\" data-index=\"1\" ><div style=\"text-align: left;\" data-title-color=\"#443f3f\" data-headings-color=\"#443f3f\" class=\"panel-widget-style panel-widget-style-for-149-0-1-0\" ><img fetchpriority=\"high\" decoding=\"async\" width=\"600\" height=\"600\" src=\"https:\/\/oco.ro\/wp-content\/uploads\/2018\/02\/DSC09787_DxO.jpg\" class=\"image wp-image-475  attachment-full size-full\" alt=\"\" style=\"max-width: 100%; height: auto;\" srcset=\"https:\/\/oco.ro\/wp-content\/uploads\/2018\/02\/DSC09787_DxO.jpg 600w, https:\/\/oco.ro\/wp-content\/uploads\/2018\/02\/DSC09787_DxO-150x150.jpg 150w, https:\/\/oco.ro\/wp-content\/uploads\/2018\/02\/DSC09787_DxO-300x300.jpg 300w, https:\/\/oco.ro\/wp-content\/uploads\/2018\/02\/DSC09787_DxO-230x230.jpg 230w, https:\/\/oco.ro\/wp-content\/uploads\/2018\/02\/DSC09787_DxO-350x350.jpg 350w, https:\/\/oco.ro\/wp-content\/uploads\/2018\/02\/DSC09787_DxO-480x480.jpg 480w\" sizes=\"(max-width: 600px) 100vw, 600px\" \/><\/div><\/div><\/div><\/div><\/div><\/div>","protected":false},"excerpt":{"rendered":"<p>Pentru orice detalii, intrebari sau oferte va rugam sa ne contactati pe email sau telefon. Nu uitati insa ca multe din activitatile pe care le organizam presupun deplasarea in natura uneori in zone unde accesul la internet este limitat. Noi \u00eencerc\u0103m s\u0103 r\u0103spundem la mesaje c\u00e2t mai rapid cu putin\u021b\u0103, dar se mai \u00eent\u00e2mpl\u0103 s\u0103\u00a0v\u0103 [&hellip;]<\/p>\n","protected":false},"author":1,"featured_media":0,"parent":0,"menu_order":0,"comment_status":"closed","ping_status":"closed","template":"","meta":{"footnotes":""},"class_list":["post-149","page","type-page","status-publish","hentry"],"_links":{"self":[{"href":"https:\/\/oco.ro\/index.php?rest_route=\/wp\/v2\/pages\/149"}],"collection":[{"href":"https:\/\/oco.ro\/index.php?rest_route=\/wp\/v2\/pages"}],"about":[{"href":"https:\/\/oco.ro\/index.php?rest_route=\/wp\/v2\/types\/page"}],"author":[{"embeddable":true,"href":"https:\/\/oco.ro\/index.php?rest_route=\/wp\/v2\/users\/1"}],"replies":[{"embeddable":true,"href":"https:\/\/oco.ro\/index.php?rest_route=%2Fwp%2Fv2%2Fcomments&post=149"}],"version-history":[{"count":17,"href":"https:\/\/oco.ro\/index.php?rest_route=\/wp\/v2\/pages\/149\/revisions"}],"predecessor-version":[{"id":1665,"href":"https:\/\/oco.ro\/index.php?rest_route=\/wp\/v2\/pages\/149\/revisions\/1665"}],"wp:attachment":[{"href":"https:\/\/oco.ro\/index.php?rest_route=%2Fwp%2Fv2%2Fmedia&parent=149"}],"curies":[{"name":"wp","href":"https:\/\/api.w.org\/{rel}","templated":true}]}}