{"id":1747,"date":"2020-08-19T12:09:51","date_gmt":"2020-08-19T12:09:51","guid":{"rendered":"http:\/\/oco.ro\/?page_id=1747"},"modified":"2020-08-20T08:53:37","modified_gmt":"2020-08-20T08:53:37","slug":"muntii-apuseni","status":"publish","type":"page","link":"https:\/\/oco.ro\/?page_id=1747","title":{"rendered":"Muntii Apuseni"},"content":{"rendered":"<p>Datorit\u0103 peisajelor sale unice, dar \u0219i a patrimoniului cultural \u00een 2003, s-a n\u0103scut Parcul Natural Apuseni. Parcul protejeaz\u0103 cea mai bogat\u0103 \u0219i interesant\u0103 faun\u0103 subteran\u0103 din \u021bar\u0103. Urmele omului preistoric, precum \u0219i fosile de animale care au tr\u0103it \u00een Epoca de Ghea\u021b\u0103 au fost g\u0103site \u00een mai multe dintre pe\u0219teri, \u00eempreun\u0103 cu popula\u021bii rare de lilieci.<br \/>\nRelieful ceva mai bl\u00e2nd i-au facut mai accesibili oamenilor motiv pentru care satele \u0219i c\u0103tunele sunt rasfirate aproape pe toat\u0103 suprafa\u021ba parcului ad\u0103ug\u00e2nd un farmec aparte peisajului.<br \/>\nNu \u00eent\u00e2mpl\u0103tor anul acesta \u00een 2019, CNN a inclus Parcul Natural Apuseni \u00een topul 20 a celor mai frumoase destina\u021bii din Europa<\/p>\n<p>Satele \u0219i c\u0103tunele pretutindeni\u00a0r\u0103sfirate ofer\u0103 o vast\u0103 re\u021bea de drumuri tocmai perfecte pentru str\u0103b\u0103tut cu bicicleta iar aici vorbim de Mountain Bike. Aceast\u0103 combina\u021bie de poteci, drumuri, obiective face ca Parcul Natural Apuseni s\u0103 fie unul din locurile noastre preferate de biciclit.<br \/>\nAnotimpurile clade sunt cele mai propice turelor de biciclet\u0103 in special in perioada aprilie\u2013 octombrie.\u00a0Pentru detalii suplimentare si organizarea turelor ne puteti\u00a0<a href=\"http:\/\/oco.ro\/index.php\/contact\/\">contacta<\/a>.<\/p>\n<p><img fetchpriority=\"high\" decoding=\"async\" class=\"alignnone wp-image-1748 size-large\" src=\"http:\/\/oco.ro\/wp-content\/uploads\/2020\/08\/IMG_0044-1024x768.jpg\" alt=\"\" width=\"1024\" height=\"768\" srcset=\"https:\/\/oco.ro\/wp-content\/uploads\/2020\/08\/IMG_0044-1024x768.jpg 1024w, https:\/\/oco.ro\/wp-content\/uploads\/2020\/08\/IMG_0044-300x225.jpg 300w, https:\/\/oco.ro\/wp-content\/uploads\/2020\/08\/IMG_0044-768x576.jpg 768w, https:\/\/oco.ro\/wp-content\/uploads\/2020\/08\/IMG_0044-830x623.jpg 830w, https:\/\/oco.ro\/wp-content\/uploads\/2020\/08\/IMG_0044-230x173.jpg 230w, https:\/\/oco.ro\/wp-content\/uploads\/2020\/08\/IMG_0044-350x263.jpg 350w, https:\/\/oco.ro\/wp-content\/uploads\/2020\/08\/IMG_0044-480x360.jpg 480w, https:\/\/oco.ro\/wp-content\/uploads\/2020\/08\/IMG_0044.jpg 1184w\" sizes=\"(max-width: 1024px) 100vw, 1024px\" \/><\/p>\n<p><img decoding=\"async\" class=\"alignnone wp-image-1749 size-large\" src=\"http:\/\/oco.ro\/wp-content\/uploads\/2020\/08\/IMG_0056-1024x768.jpg\" alt=\"\" width=\"1024\" height=\"768\" srcset=\"https:\/\/oco.ro\/wp-content\/uploads\/2020\/08\/IMG_0056-1024x768.jpg 1024w, https:\/\/oco.ro\/wp-content\/uploads\/2020\/08\/IMG_0056-300x225.jpg 300w, https:\/\/oco.ro\/wp-content\/uploads\/2020\/08\/IMG_0056-768x576.jpg 768w, https:\/\/oco.ro\/wp-content\/uploads\/2020\/08\/IMG_0056-830x623.jpg 830w, https:\/\/oco.ro\/wp-content\/uploads\/2020\/08\/IMG_0056-230x173.jpg 230w, https:\/\/oco.ro\/wp-content\/uploads\/2020\/08\/IMG_0056-350x263.jpg 350w, https:\/\/oco.ro\/wp-content\/uploads\/2020\/08\/IMG_0056-480x360.jpg 480w, https:\/\/oco.ro\/wp-content\/uploads\/2020\/08\/IMG_0056.jpg 1184w\" sizes=\"(max-width: 1024px) 100vw, 1024px\" \/><\/p>\n<p><img decoding=\"async\" class=\"alignnone wp-image-1750 size-large\" src=\"http:\/\/oco.ro\/wp-content\/uploads\/2020\/08\/IMG_0059-1024x768.jpg\" alt=\"\" width=\"1024\" height=\"768\" srcset=\"https:\/\/oco.ro\/wp-content\/uploads\/2020\/08\/IMG_0059-1024x768.jpg 1024w, https:\/\/oco.ro\/wp-content\/uploads\/2020\/08\/IMG_0059-300x225.jpg 300w, https:\/\/oco.ro\/wp-content\/uploads\/2020\/08\/IMG_0059-768x576.jpg 768w, https:\/\/oco.ro\/wp-content\/uploads\/2020\/08\/IMG_0059-830x623.jpg 830w, https:\/\/oco.ro\/wp-content\/uploads\/2020\/08\/IMG_0059-230x173.jpg 230w, https:\/\/oco.ro\/wp-content\/uploads\/2020\/08\/IMG_0059-350x263.jpg 350w, https:\/\/oco.ro\/wp-content\/uploads\/2020\/08\/IMG_0059-480x360.jpg 480w, https:\/\/oco.ro\/wp-content\/uploads\/2020\/08\/IMG_0059.jpg 1184w\" sizes=\"(max-width: 1024px) 100vw, 1024px\" \/><\/p>\n<p><img loading=\"lazy\" decoding=\"async\" class=\"alignnone wp-image-1751 size-large\" src=\"http:\/\/oco.ro\/wp-content\/uploads\/2020\/08\/IMG_0068-1024x768.jpg\" alt=\"\" width=\"1024\" height=\"768\" srcset=\"https:\/\/oco.ro\/wp-content\/uploads\/2020\/08\/IMG_0068-1024x768.jpg 1024w, https:\/\/oco.ro\/wp-content\/uploads\/2020\/08\/IMG_0068-300x225.jpg 300w, https:\/\/oco.ro\/wp-content\/uploads\/2020\/08\/IMG_0068-768x576.jpg 768w, https:\/\/oco.ro\/wp-content\/uploads\/2020\/08\/IMG_0068-830x623.jpg 830w, https:\/\/oco.ro\/wp-content\/uploads\/2020\/08\/IMG_0068-230x173.jpg 230w, https:\/\/oco.ro\/wp-content\/uploads\/2020\/08\/IMG_0068-350x263.jpg 350w, https:\/\/oco.ro\/wp-content\/uploads\/2020\/08\/IMG_0068-480x360.jpg 480w, https:\/\/oco.ro\/wp-content\/uploads\/2020\/08\/IMG_0068.jpg 1184w\" sizes=\"(max-width: 1024px) 100vw, 1024px\" \/><\/p>\n<p><img loading=\"lazy\" decoding=\"async\" class=\"alignnone wp-image-1752 size-large\" src=\"http:\/\/oco.ro\/wp-content\/uploads\/2020\/08\/IMG_0085-1024x768.jpg\" alt=\"\" width=\"1024\" height=\"768\" srcset=\"https:\/\/oco.ro\/wp-content\/uploads\/2020\/08\/IMG_0085-1024x768.jpg 1024w, https:\/\/oco.ro\/wp-content\/uploads\/2020\/08\/IMG_0085-300x225.jpg 300w, https:\/\/oco.ro\/wp-content\/uploads\/2020\/08\/IMG_0085-768x576.jpg 768w, https:\/\/oco.ro\/wp-content\/uploads\/2020\/08\/IMG_0085-830x623.jpg 830w, https:\/\/oco.ro\/wp-content\/uploads\/2020\/08\/IMG_0085-230x173.jpg 230w, https:\/\/oco.ro\/wp-content\/uploads\/2020\/08\/IMG_0085-350x263.jpg 350w, https:\/\/oco.ro\/wp-content\/uploads\/2020\/08\/IMG_0085-480x360.jpg 480w, https:\/\/oco.ro\/wp-content\/uploads\/2020\/08\/IMG_0085.jpg 1184w\" sizes=\"(max-width: 1024px) 100vw, 1024px\" \/><\/p>\n<p><img loading=\"lazy\" decoding=\"async\" class=\"alignnone wp-image-1753 size-large\" src=\"http:\/\/oco.ro\/wp-content\/uploads\/2020\/08\/IMG_0097-1024x768.jpg\" alt=\"\" width=\"1024\" height=\"768\" srcset=\"https:\/\/oco.ro\/wp-content\/uploads\/2020\/08\/IMG_0097-1024x768.jpg 1024w, https:\/\/oco.ro\/wp-content\/uploads\/2020\/08\/IMG_0097-300x225.jpg 300w, https:\/\/oco.ro\/wp-content\/uploads\/2020\/08\/IMG_0097-768x576.jpg 768w, https:\/\/oco.ro\/wp-content\/uploads\/2020\/08\/IMG_0097-830x623.jpg 830w, https:\/\/oco.ro\/wp-content\/uploads\/2020\/08\/IMG_0097-230x173.jpg 230w, https:\/\/oco.ro\/wp-content\/uploads\/2020\/08\/IMG_0097-350x263.jpg 350w, https:\/\/oco.ro\/wp-content\/uploads\/2020\/08\/IMG_0097-480x360.jpg 480w, https:\/\/oco.ro\/wp-content\/uploads\/2020\/08\/IMG_0097.jpg 1184w\" sizes=\"(max-width: 1024px) 100vw, 1024px\" \/><\/p>\n<p><img loading=\"lazy\" decoding=\"async\" class=\"alignnone wp-image-1754 size-large\" src=\"http:\/\/oco.ro\/wp-content\/uploads\/2020\/08\/IMG_0105-1024x768.jpg\" alt=\"\" width=\"1024\" height=\"768\" srcset=\"https:\/\/oco.ro\/wp-content\/uploads\/2020\/08\/IMG_0105-1024x768.jpg 1024w, https:\/\/oco.ro\/wp-content\/uploads\/2020\/08\/IMG_0105-300x225.jpg 300w, https:\/\/oco.ro\/wp-content\/uploads\/2020\/08\/IMG_0105-768x576.jpg 768w, https:\/\/oco.ro\/wp-content\/uploads\/2020\/08\/IMG_0105-830x623.jpg 830w, https:\/\/oco.ro\/wp-content\/uploads\/2020\/08\/IMG_0105-230x173.jpg 230w, https:\/\/oco.ro\/wp-content\/uploads\/2020\/08\/IMG_0105-350x263.jpg 350w, https:\/\/oco.ro\/wp-content\/uploads\/2020\/08\/IMG_0105-480x360.jpg 480w, https:\/\/oco.ro\/wp-content\/uploads\/2020\/08\/IMG_0105.jpg 1184w\" sizes=\"(max-width: 1024px) 100vw, 1024px\" \/><\/p>\n<p><img loading=\"lazy\" decoding=\"async\" class=\"alignnone wp-image-1755 size-large\" src=\"http:\/\/oco.ro\/wp-content\/uploads\/2020\/08\/IMG_0122-1024x768.jpg\" alt=\"\" width=\"1024\" height=\"768\" srcset=\"https:\/\/oco.ro\/wp-content\/uploads\/2020\/08\/IMG_0122-1024x768.jpg 1024w, https:\/\/oco.ro\/wp-content\/uploads\/2020\/08\/IMG_0122-300x225.jpg 300w, https:\/\/oco.ro\/wp-content\/uploads\/2020\/08\/IMG_0122-768x576.jpg 768w, https:\/\/oco.ro\/wp-content\/uploads\/2020\/08\/IMG_0122-830x623.jpg 830w, https:\/\/oco.ro\/wp-content\/uploads\/2020\/08\/IMG_0122-230x173.jpg 230w, https:\/\/oco.ro\/wp-content\/uploads\/2020\/08\/IMG_0122-350x263.jpg 350w, https:\/\/oco.ro\/wp-content\/uploads\/2020\/08\/IMG_0122-480x360.jpg 480w, https:\/\/oco.ro\/wp-content\/uploads\/2020\/08\/IMG_0122.jpg 1184w\" sizes=\"(max-width: 1024px) 100vw, 1024px\" \/><\/p>\n<p><img loading=\"lazy\" decoding=\"async\" class=\"alignnone wp-image-1756 size-large\" src=\"http:\/\/oco.ro\/wp-content\/uploads\/2020\/08\/IMG_0124-1024x542.jpg\" alt=\"\" width=\"1024\" height=\"542\" srcset=\"https:\/\/oco.ro\/wp-content\/uploads\/2020\/08\/IMG_0124-1024x542.jpg 1024w, https:\/\/oco.ro\/wp-content\/uploads\/2020\/08\/IMG_0124-300x159.jpg 300w, https:\/\/oco.ro\/wp-content\/uploads\/2020\/08\/IMG_0124-768x406.jpg 768w, https:\/\/oco.ro\/wp-content\/uploads\/2020\/08\/IMG_0124-830x439.jpg 830w, https:\/\/oco.ro\/wp-content\/uploads\/2020\/08\/IMG_0124-230x122.jpg 230w, https:\/\/oco.ro\/wp-content\/uploads\/2020\/08\/IMG_0124-350x185.jpg 350w, https:\/\/oco.ro\/wp-content\/uploads\/2020\/08\/IMG_0124-480x254.jpg 480w, https:\/\/oco.ro\/wp-content\/uploads\/2020\/08\/IMG_0124.jpg 1560w\" sizes=\"(max-width: 1024px) 100vw, 1024px\" \/><\/p>\n<p><img loading=\"lazy\" decoding=\"async\" class=\"alignnone wp-image-1757 size-large\" src=\"http:\/\/oco.ro\/wp-content\/uploads\/2020\/08\/IMG_4908-1024x768.jpg\" alt=\"\" width=\"1024\" height=\"768\" srcset=\"https:\/\/oco.ro\/wp-content\/uploads\/2020\/08\/IMG_4908-1024x768.jpg 1024w, https:\/\/oco.ro\/wp-content\/uploads\/2020\/08\/IMG_4908-300x225.jpg 300w, https:\/\/oco.ro\/wp-content\/uploads\/2020\/08\/IMG_4908-768x576.jpg 768w, https:\/\/oco.ro\/wp-content\/uploads\/2020\/08\/IMG_4908-830x623.jpg 830w, https:\/\/oco.ro\/wp-content\/uploads\/2020\/08\/IMG_4908-230x173.jpg 230w, https:\/\/oco.ro\/wp-content\/uploads\/2020\/08\/IMG_4908-350x263.jpg 350w, https:\/\/oco.ro\/wp-content\/uploads\/2020\/08\/IMG_4908-480x360.jpg 480w, https:\/\/oco.ro\/wp-content\/uploads\/2020\/08\/IMG_4908.jpg 1184w\" sizes=\"(max-width: 1024px) 100vw, 1024px\" \/><\/p>\n<p><img loading=\"lazy\" decoding=\"async\" class=\"alignnone wp-image-1758 size-large\" src=\"http:\/\/oco.ro\/wp-content\/uploads\/2020\/08\/IMG_20200807_124946-1024x768.jpg\" alt=\"\" width=\"1024\" height=\"768\" srcset=\"https:\/\/oco.ro\/wp-content\/uploads\/2020\/08\/IMG_20200807_124946-1024x768.jpg 1024w, https:\/\/oco.ro\/wp-content\/uploads\/2020\/08\/IMG_20200807_124946-300x225.jpg 300w, https:\/\/oco.ro\/wp-content\/uploads\/2020\/08\/IMG_20200807_124946-768x576.jpg 768w, https:\/\/oco.ro\/wp-content\/uploads\/2020\/08\/IMG_20200807_124946-830x623.jpg 830w, https:\/\/oco.ro\/wp-content\/uploads\/2020\/08\/IMG_20200807_124946-230x173.jpg 230w, https:\/\/oco.ro\/wp-content\/uploads\/2020\/08\/IMG_20200807_124946-350x263.jpg 350w, https:\/\/oco.ro\/wp-content\/uploads\/2020\/08\/IMG_20200807_124946-480x360.jpg 480w, https:\/\/oco.ro\/wp-content\/uploads\/2020\/08\/IMG_20200807_124946.jpg 1184w\" sizes=\"(max-width: 1024px) 100vw, 1024px\" \/><\/p>\n<p><img loading=\"lazy\" decoding=\"async\" class=\"alignnone wp-image-1759 size-large\" src=\"http:\/\/oco.ro\/wp-content\/uploads\/2020\/08\/IMG_20200807_152147-1024x768.jpg\" alt=\"\" width=\"1024\" height=\"768\" srcset=\"https:\/\/oco.ro\/wp-content\/uploads\/2020\/08\/IMG_20200807_152147-1024x768.jpg 1024w, https:\/\/oco.ro\/wp-content\/uploads\/2020\/08\/IMG_20200807_152147-300x225.jpg 300w, https:\/\/oco.ro\/wp-content\/uploads\/2020\/08\/IMG_20200807_152147-768x576.jpg 768w, https:\/\/oco.ro\/wp-content\/uploads\/2020\/08\/IMG_20200807_152147-830x623.jpg 830w, https:\/\/oco.ro\/wp-content\/uploads\/2020\/08\/IMG_20200807_152147-230x173.jpg 230w, https:\/\/oco.ro\/wp-content\/uploads\/2020\/08\/IMG_20200807_152147-350x263.jpg 350w, https:\/\/oco.ro\/wp-content\/uploads\/2020\/08\/IMG_20200807_152147-480x360.jpg 480w, https:\/\/oco.ro\/wp-content\/uploads\/2020\/08\/IMG_20200807_152147.jpg 1184w\" sizes=\"(max-width: 1024px) 100vw, 1024px\" \/><\/p>\n<p><img loading=\"lazy\" decoding=\"async\" class=\"alignnone wp-image-1760 size-large\" src=\"http:\/\/oco.ro\/wp-content\/uploads\/2020\/08\/IMG_20200807_160105-1024x768.jpg\" alt=\"\" width=\"1024\" height=\"768\" srcset=\"https:\/\/oco.ro\/wp-content\/uploads\/2020\/08\/IMG_20200807_160105-1024x768.jpg 1024w, https:\/\/oco.ro\/wp-content\/uploads\/2020\/08\/IMG_20200807_160105-300x225.jpg 300w, https:\/\/oco.ro\/wp-content\/uploads\/2020\/08\/IMG_20200807_160105-768x576.jpg 768w, https:\/\/oco.ro\/wp-content\/uploads\/2020\/08\/IMG_20200807_160105-830x623.jpg 830w, https:\/\/oco.ro\/wp-content\/uploads\/2020\/08\/IMG_20200807_160105-230x173.jpg 230w, https:\/\/oco.ro\/wp-content\/uploads\/2020\/08\/IMG_20200807_160105-350x263.jpg 350w, https:\/\/oco.ro\/wp-content\/uploads\/2020\/08\/IMG_20200807_160105-480x360.jpg 480w, https:\/\/oco.ro\/wp-content\/uploads\/2020\/08\/IMG_20200807_160105.jpg 1184w\" sizes=\"(max-width: 1024px) 100vw, 1024px\" \/><\/p>\n<p><img loading=\"lazy\" decoding=\"async\" class=\"alignnone wp-image-1761 size-large\" src=\"http:\/\/oco.ro\/wp-content\/uploads\/2020\/08\/IMG_20200808_151732-1024x768.jpg\" alt=\"\" width=\"1024\" height=\"768\" srcset=\"https:\/\/oco.ro\/wp-content\/uploads\/2020\/08\/IMG_20200808_151732-1024x768.jpg 1024w, https:\/\/oco.ro\/wp-content\/uploads\/2020\/08\/IMG_20200808_151732-300x225.jpg 300w, https:\/\/oco.ro\/wp-content\/uploads\/2020\/08\/IMG_20200808_151732-768x576.jpg 768w, https:\/\/oco.ro\/wp-content\/uploads\/2020\/08\/IMG_20200808_151732-830x623.jpg 830w, https:\/\/oco.ro\/wp-content\/uploads\/2020\/08\/IMG_20200808_151732-230x173.jpg 230w, https:\/\/oco.ro\/wp-content\/uploads\/2020\/08\/IMG_20200808_151732-350x263.jpg 350w, https:\/\/oco.ro\/wp-content\/uploads\/2020\/08\/IMG_20200808_151732-480x360.jpg 480w, https:\/\/oco.ro\/wp-content\/uploads\/2020\/08\/IMG_20200808_151732.jpg 1184w\" sizes=\"(max-width: 1024px) 100vw, 1024px\" \/><\/p>\n<p><img loading=\"lazy\" decoding=\"async\" class=\"alignnone wp-image-1762 size-large\" src=\"http:\/\/oco.ro\/wp-content\/uploads\/2020\/08\/IMG_20200809_102531-1024x768.jpg\" alt=\"\" width=\"1024\" height=\"768\" srcset=\"https:\/\/oco.ro\/wp-content\/uploads\/2020\/08\/IMG_20200809_102531-1024x768.jpg 1024w, https:\/\/oco.ro\/wp-content\/uploads\/2020\/08\/IMG_20200809_102531-300x225.jpg 300w, https:\/\/oco.ro\/wp-content\/uploads\/2020\/08\/IMG_20200809_102531-768x576.jpg 768w, https:\/\/oco.ro\/wp-content\/uploads\/2020\/08\/IMG_20200809_102531-830x623.jpg 830w, https:\/\/oco.ro\/wp-content\/uploads\/2020\/08\/IMG_20200809_102531-230x173.jpg 230w, https:\/\/oco.ro\/wp-content\/uploads\/2020\/08\/IMG_20200809_102531-350x263.jpg 350w, https:\/\/oco.ro\/wp-content\/uploads\/2020\/08\/IMG_20200809_102531-480x360.jpg 480w, https:\/\/oco.ro\/wp-content\/uploads\/2020\/08\/IMG_20200809_102531.jpg 1184w\" sizes=\"(max-width: 1024px) 100vw, 1024px\" \/><\/p>\n","protected":false},"excerpt":{"rendered":"<p>Datorit\u0103 peisajelor sale unice, dar \u0219i a patrimoniului cultural \u00een 2003, s-a n\u0103scut Parcul Natural Apuseni. Parcul protejeaz\u0103 cea mai bogat\u0103 \u0219i interesant\u0103 faun\u0103 subteran\u0103 din \u021bar\u0103. Urmele omului preistoric, precum \u0219i fosile de animale care au tr\u0103it \u00een Epoca de Ghea\u021b\u0103 au fost g\u0103site \u00een mai multe dintre pe\u0219teri, \u00eempreun\u0103 cu popula\u021bii rare de [&hellip;]<\/p>\n","protected":false},"author":1,"featured_media":0,"parent":161,"menu_order":0,"comment_status":"closed","ping_status":"closed","template":"","meta":{"footnotes":""},"class_list":["post-1747","page","type-page","status-publish","hentry"],"_links":{"self":[{"href":"https:\/\/oco.ro\/index.php?rest_route=\/wp\/v2\/pages\/1747"}],"collection":[{"href":"https:\/\/oco.ro\/index.php?rest_route=\/wp\/v2\/pages"}],"about":[{"href":"https:\/\/oco.ro\/index.php?rest_route=\/wp\/v2\/types\/page"}],"author":[{"embeddable":true,"href":"https:\/\/oco.ro\/index.php?rest_route=\/wp\/v2\/users\/1"}],"replies":[{"embeddable":true,"href":"https:\/\/oco.ro\/index.php?rest_route=%2Fwp%2Fv2%2Fcomments&post=1747"}],"version-history":[{"count":8,"href":"https:\/\/oco.ro\/index.php?rest_route=\/wp\/v2\/pages\/1747\/revisions"}],"predecessor-version":[{"id":1806,"href":"https:\/\/oco.ro\/index.php?rest_route=\/wp\/v2\/pages\/1747\/revisions\/1806"}],"up":[{"embeddable":true,"href":"https:\/\/oco.ro\/index.php?rest_route=\/wp\/v2\/pages\/161"}],"wp:attachment":[{"href":"https:\/\/oco.ro\/index.php?rest_route=%2Fwp%2Fv2%2Fmedia&parent=1747"}],"curies":[{"name":"wp","href":"https:\/\/api.w.org\/{rel}","templated":true}]}}