{"id":1770,"date":"2020-08-19T13:00:02","date_gmt":"2020-08-19T13:00:02","guid":{"rendered":"http:\/\/oco.ro\/?page_id=1770"},"modified":"2020-10-13T08:26:17","modified_gmt":"2020-10-13T08:26:17","slug":"tinutul-padurenilor","status":"publish","type":"page","link":"https:\/\/oco.ro\/?page_id=1770","title":{"rendered":"Tinutul P\u0103durenilor"},"content":{"rendered":"<p style=\"background: white; margin: 0in 0in 15.0pt 0in;\"><span style=\"font-family: 'Source Sans Pro',sans-serif; color: #47425d;\">Aflat \u00een mun\u021bii Poiana Rusc\u0103, \u021ainutul P\u0103durenilor este o zon\u0103 situat\u0103 pe culmi domoale de munte \u00eentre 800-1100m altitudine. Majoritatea locuitorilor din aceste sate, cunoscu\u021bi sub numele de p\u0103dureni s-au ocupat cu mineritul \u0219i producerea fierului (vezi Hunedoara unul dintre cele mai vechi centre siderurgice din \u021bar\u0103). Re\u021beaua de drumuri de macadam care leag\u0103 satele \u00eentre ele precum \u0219i diferitele obiective istorice castelul Corvinilor, furnalul de la Gov\u00e2jdia (cel mai vechi din Europa), drumul de marmur\u0103 fac din aceast\u0103 zon\u0103 un paradis pentru turele de MTB.<\/span><\/p>\n<p>Anotimpurile calde sunt cele mai propice turelor de biciclet\u0103 in special in perioada aprilie\u2013 octombrie.\u00a0Pentru detalii suplimentare si organizarea turelor ne puteti\u00a0<a href=\"http:\/\/oco.ro\/index.php\/contact\/\">contacta<\/a>.<\/p>\n<p><img fetchpriority=\"high\" decoding=\"async\" class=\"alignnone wp-image-1771 size-large\" src=\"http:\/\/oco.ro\/wp-content\/uploads\/2020\/08\/2020_02_Padureni8-1024x768.jpg\" alt=\"\" width=\"1024\" height=\"768\" srcset=\"https:\/\/oco.ro\/wp-content\/uploads\/2020\/08\/2020_02_Padureni8-1024x768.jpg 1024w, https:\/\/oco.ro\/wp-content\/uploads\/2020\/08\/2020_02_Padureni8-300x225.jpg 300w, https:\/\/oco.ro\/wp-content\/uploads\/2020\/08\/2020_02_Padureni8-768x576.jpg 768w, https:\/\/oco.ro\/wp-content\/uploads\/2020\/08\/2020_02_Padureni8-830x623.jpg 830w, https:\/\/oco.ro\/wp-content\/uploads\/2020\/08\/2020_02_Padureni8-230x173.jpg 230w, https:\/\/oco.ro\/wp-content\/uploads\/2020\/08\/2020_02_Padureni8-350x263.jpg 350w, https:\/\/oco.ro\/wp-content\/uploads\/2020\/08\/2020_02_Padureni8-480x360.jpg 480w, https:\/\/oco.ro\/wp-content\/uploads\/2020\/08\/2020_02_Padureni8.jpg 1184w\" sizes=\"(max-width: 1024px) 100vw, 1024px\" \/><\/p>\n<p><img decoding=\"async\" class=\"alignnone wp-image-1772 size-large\" src=\"http:\/\/oco.ro\/wp-content\/uploads\/2020\/08\/2020_02_Padureni12-1024x768.jpg\" alt=\"\" width=\"1024\" height=\"768\" srcset=\"https:\/\/oco.ro\/wp-content\/uploads\/2020\/08\/2020_02_Padureni12-1024x768.jpg 1024w, https:\/\/oco.ro\/wp-content\/uploads\/2020\/08\/2020_02_Padureni12-300x225.jpg 300w, https:\/\/oco.ro\/wp-content\/uploads\/2020\/08\/2020_02_Padureni12-768x576.jpg 768w, https:\/\/oco.ro\/wp-content\/uploads\/2020\/08\/2020_02_Padureni12-830x623.jpg 830w, https:\/\/oco.ro\/wp-content\/uploads\/2020\/08\/2020_02_Padureni12-230x173.jpg 230w, https:\/\/oco.ro\/wp-content\/uploads\/2020\/08\/2020_02_Padureni12-350x263.jpg 350w, https:\/\/oco.ro\/wp-content\/uploads\/2020\/08\/2020_02_Padureni12-480x360.jpg 480w, https:\/\/oco.ro\/wp-content\/uploads\/2020\/08\/2020_02_Padureni12.jpg 1184w\" sizes=\"(max-width: 1024px) 100vw, 1024px\" \/><\/p>\n<p><img decoding=\"async\" class=\"alignnone wp-image-1774 size-large\" src=\"http:\/\/oco.ro\/wp-content\/uploads\/2020\/08\/IMG_20200711_140942-1024x768.jpg\" alt=\"\" width=\"1024\" height=\"768\" srcset=\"https:\/\/oco.ro\/wp-content\/uploads\/2020\/08\/IMG_20200711_140942-1024x768.jpg 1024w, https:\/\/oco.ro\/wp-content\/uploads\/2020\/08\/IMG_20200711_140942-300x225.jpg 300w, https:\/\/oco.ro\/wp-content\/uploads\/2020\/08\/IMG_20200711_140942-768x576.jpg 768w, https:\/\/oco.ro\/wp-content\/uploads\/2020\/08\/IMG_20200711_140942-830x623.jpg 830w, https:\/\/oco.ro\/wp-content\/uploads\/2020\/08\/IMG_20200711_140942-230x173.jpg 230w, https:\/\/oco.ro\/wp-content\/uploads\/2020\/08\/IMG_20200711_140942-350x263.jpg 350w, https:\/\/oco.ro\/wp-content\/uploads\/2020\/08\/IMG_20200711_140942-480x360.jpg 480w, https:\/\/oco.ro\/wp-content\/uploads\/2020\/08\/IMG_20200711_140942.jpg 1249w\" sizes=\"(max-width: 1024px) 100vw, 1024px\" \/><\/p>\n<p><img loading=\"lazy\" decoding=\"async\" class=\"alignnone wp-image-1775 size-large\" src=\"http:\/\/oco.ro\/wp-content\/uploads\/2020\/08\/IMG_20200711_163414-1024x577.jpg\" alt=\"\" width=\"1024\" height=\"577\" srcset=\"https:\/\/oco.ro\/wp-content\/uploads\/2020\/08\/IMG_20200711_163414-1024x577.jpg 1024w, https:\/\/oco.ro\/wp-content\/uploads\/2020\/08\/IMG_20200711_163414-300x169.jpg 300w, https:\/\/oco.ro\/wp-content\/uploads\/2020\/08\/IMG_20200711_163414-768x433.jpg 768w, https:\/\/oco.ro\/wp-content\/uploads\/2020\/08\/IMG_20200711_163414-830x468.jpg 830w, https:\/\/oco.ro\/wp-content\/uploads\/2020\/08\/IMG_20200711_163414-230x130.jpg 230w, https:\/\/oco.ro\/wp-content\/uploads\/2020\/08\/IMG_20200711_163414-350x197.jpg 350w, https:\/\/oco.ro\/wp-content\/uploads\/2020\/08\/IMG_20200711_163414-480x271.jpg 480w, https:\/\/oco.ro\/wp-content\/uploads\/2020\/08\/IMG_20200711_163414.jpg 1561w\" sizes=\"(max-width: 1024px) 100vw, 1024px\" \/><\/p>\n<p><img loading=\"lazy\" decoding=\"async\" class=\"alignnone wp-image-1777 size-large\" src=\"http:\/\/oco.ro\/wp-content\/uploads\/2020\/08\/IMG_20200711_170406-1024x577.jpg\" alt=\"\" width=\"1024\" height=\"577\" srcset=\"https:\/\/oco.ro\/wp-content\/uploads\/2020\/08\/IMG_20200711_170406-1024x577.jpg 1024w, https:\/\/oco.ro\/wp-content\/uploads\/2020\/08\/IMG_20200711_170406-300x169.jpg 300w, https:\/\/oco.ro\/wp-content\/uploads\/2020\/08\/IMG_20200711_170406-768x433.jpg 768w, https:\/\/oco.ro\/wp-content\/uploads\/2020\/08\/IMG_20200711_170406-830x468.jpg 830w, https:\/\/oco.ro\/wp-content\/uploads\/2020\/08\/IMG_20200711_170406-230x130.jpg 230w, https:\/\/oco.ro\/wp-content\/uploads\/2020\/08\/IMG_20200711_170406-350x197.jpg 350w, https:\/\/oco.ro\/wp-content\/uploads\/2020\/08\/IMG_20200711_170406-480x270.jpg 480w, https:\/\/oco.ro\/wp-content\/uploads\/2020\/08\/IMG_20200711_170406.jpg 1560w\" sizes=\"(max-width: 1024px) 100vw, 1024px\" \/><\/p>\n<p><img loading=\"lazy\" decoding=\"async\" class=\"alignnone wp-image-1780 size-large\" src=\"http:\/\/oco.ro\/wp-content\/uploads\/2020\/08\/IMG_20200711_180015-1024x577.jpg\" alt=\"\" width=\"1024\" height=\"577\" srcset=\"https:\/\/oco.ro\/wp-content\/uploads\/2020\/08\/IMG_20200711_180015-1024x577.jpg 1024w, https:\/\/oco.ro\/wp-content\/uploads\/2020\/08\/IMG_20200711_180015-300x169.jpg 300w, https:\/\/oco.ro\/wp-content\/uploads\/2020\/08\/IMG_20200711_180015-768x433.jpg 768w, https:\/\/oco.ro\/wp-content\/uploads\/2020\/08\/IMG_20200711_180015-830x468.jpg 830w, https:\/\/oco.ro\/wp-content\/uploads\/2020\/08\/IMG_20200711_180015-230x130.jpg 230w, https:\/\/oco.ro\/wp-content\/uploads\/2020\/08\/IMG_20200711_180015-350x197.jpg 350w, https:\/\/oco.ro\/wp-content\/uploads\/2020\/08\/IMG_20200711_180015-480x270.jpg 480w, https:\/\/oco.ro\/wp-content\/uploads\/2020\/08\/IMG_20200711_180015.jpg 1560w\" sizes=\"(max-width: 1024px) 100vw, 1024px\" \/><\/p>\n<p><img loading=\"lazy\" decoding=\"async\" class=\"alignnone wp-image-1781 size-large\" src=\"http:\/\/oco.ro\/wp-content\/uploads\/2020\/08\/IMG_20200711_220838-1024x768.jpg\" alt=\"\" width=\"1024\" height=\"768\" srcset=\"https:\/\/oco.ro\/wp-content\/uploads\/2020\/08\/IMG_20200711_220838-1024x768.jpg 1024w, https:\/\/oco.ro\/wp-content\/uploads\/2020\/08\/IMG_20200711_220838-300x225.jpg 300w, https:\/\/oco.ro\/wp-content\/uploads\/2020\/08\/IMG_20200711_220838-768x576.jpg 768w, https:\/\/oco.ro\/wp-content\/uploads\/2020\/08\/IMG_20200711_220838-830x623.jpg 830w, https:\/\/oco.ro\/wp-content\/uploads\/2020\/08\/IMG_20200711_220838-230x173.jpg 230w, https:\/\/oco.ro\/wp-content\/uploads\/2020\/08\/IMG_20200711_220838-350x263.jpg 350w, https:\/\/oco.ro\/wp-content\/uploads\/2020\/08\/IMG_20200711_220838-480x360.jpg 480w, https:\/\/oco.ro\/wp-content\/uploads\/2020\/08\/IMG_20200711_220838.jpg 1184w\" sizes=\"(max-width: 1024px) 100vw, 1024px\" \/><\/p>\n<p><img loading=\"lazy\" decoding=\"async\" class=\"alignnone wp-image-1782 size-large\" src=\"http:\/\/oco.ro\/wp-content\/uploads\/2020\/08\/IMG_20200712_083953-1024x768.jpg\" alt=\"\" width=\"1024\" height=\"768\" srcset=\"https:\/\/oco.ro\/wp-content\/uploads\/2020\/08\/IMG_20200712_083953-1024x768.jpg 1024w, https:\/\/oco.ro\/wp-content\/uploads\/2020\/08\/IMG_20200712_083953-300x225.jpg 300w, https:\/\/oco.ro\/wp-content\/uploads\/2020\/08\/IMG_20200712_083953-768x576.jpg 768w, https:\/\/oco.ro\/wp-content\/uploads\/2020\/08\/IMG_20200712_083953-830x623.jpg 830w, https:\/\/oco.ro\/wp-content\/uploads\/2020\/08\/IMG_20200712_083953-230x173.jpg 230w, https:\/\/oco.ro\/wp-content\/uploads\/2020\/08\/IMG_20200712_083953-350x263.jpg 350w, https:\/\/oco.ro\/wp-content\/uploads\/2020\/08\/IMG_20200712_083953-480x360.jpg 480w, https:\/\/oco.ro\/wp-content\/uploads\/2020\/08\/IMG_20200712_083953.jpg 1184w\" sizes=\"(max-width: 1024px) 100vw, 1024px\" \/><\/p>\n<p><img loading=\"lazy\" decoding=\"async\" class=\"alignnone wp-image-1783 size-large\" src=\"http:\/\/oco.ro\/wp-content\/uploads\/2020\/08\/IMG_20200712_092051-1024x768.jpg\" alt=\"\" width=\"1024\" height=\"768\" srcset=\"https:\/\/oco.ro\/wp-content\/uploads\/2020\/08\/IMG_20200712_092051-1024x768.jpg 1024w, https:\/\/oco.ro\/wp-content\/uploads\/2020\/08\/IMG_20200712_092051-300x225.jpg 300w, https:\/\/oco.ro\/wp-content\/uploads\/2020\/08\/IMG_20200712_092051-768x576.jpg 768w, https:\/\/oco.ro\/wp-content\/uploads\/2020\/08\/IMG_20200712_092051-830x623.jpg 830w, https:\/\/oco.ro\/wp-content\/uploads\/2020\/08\/IMG_20200712_092051-230x173.jpg 230w, https:\/\/oco.ro\/wp-content\/uploads\/2020\/08\/IMG_20200712_092051-350x263.jpg 350w, https:\/\/oco.ro\/wp-content\/uploads\/2020\/08\/IMG_20200712_092051-480x360.jpg 480w, https:\/\/oco.ro\/wp-content\/uploads\/2020\/08\/IMG_20200712_092051.jpg 1184w\" sizes=\"(max-width: 1024px) 100vw, 1024px\" \/><\/p>\n<p><img loading=\"lazy\" decoding=\"async\" class=\"alignnone wp-image-1784 size-large\" src=\"http:\/\/oco.ro\/wp-content\/uploads\/2020\/08\/IMG_20200712_095019-1024x577.jpg\" alt=\"\" width=\"1024\" height=\"577\" srcset=\"https:\/\/oco.ro\/wp-content\/uploads\/2020\/08\/IMG_20200712_095019-1024x577.jpg 1024w, https:\/\/oco.ro\/wp-content\/uploads\/2020\/08\/IMG_20200712_095019-300x169.jpg 300w, https:\/\/oco.ro\/wp-content\/uploads\/2020\/08\/IMG_20200712_095019-768x433.jpg 768w, https:\/\/oco.ro\/wp-content\/uploads\/2020\/08\/IMG_20200712_095019-830x468.jpg 830w, https:\/\/oco.ro\/wp-content\/uploads\/2020\/08\/IMG_20200712_095019-230x130.jpg 230w, https:\/\/oco.ro\/wp-content\/uploads\/2020\/08\/IMG_20200712_095019-350x197.jpg 350w, https:\/\/oco.ro\/wp-content\/uploads\/2020\/08\/IMG_20200712_095019-480x270.jpg 480w, https:\/\/oco.ro\/wp-content\/uploads\/2020\/08\/IMG_20200712_095019.jpg 1560w\" sizes=\"(max-width: 1024px) 100vw, 1024px\" \/><\/p>\n<p><img loading=\"lazy\" decoding=\"async\" class=\"alignnone wp-image-1785 size-large\" src=\"http:\/\/oco.ro\/wp-content\/uploads\/2020\/08\/IMG_20200712_100222-1024x768.jpg\" alt=\"\" width=\"1024\" height=\"768\" srcset=\"https:\/\/oco.ro\/wp-content\/uploads\/2020\/08\/IMG_20200712_100222-1024x768.jpg 1024w, https:\/\/oco.ro\/wp-content\/uploads\/2020\/08\/IMG_20200712_100222-300x225.jpg 300w, https:\/\/oco.ro\/wp-content\/uploads\/2020\/08\/IMG_20200712_100222-768x576.jpg 768w, https:\/\/oco.ro\/wp-content\/uploads\/2020\/08\/IMG_20200712_100222-830x623.jpg 830w, https:\/\/oco.ro\/wp-content\/uploads\/2020\/08\/IMG_20200712_100222-230x173.jpg 230w, https:\/\/oco.ro\/wp-content\/uploads\/2020\/08\/IMG_20200712_100222-350x263.jpg 350w, https:\/\/oco.ro\/wp-content\/uploads\/2020\/08\/IMG_20200712_100222-480x360.jpg 480w, https:\/\/oco.ro\/wp-content\/uploads\/2020\/08\/IMG_20200712_100222.jpg 1184w\" sizes=\"(max-width: 1024px) 100vw, 1024px\" \/><\/p>\n<p><img loading=\"lazy\" decoding=\"async\" class=\"alignnone wp-image-1786 size-large\" src=\"http:\/\/oco.ro\/wp-content\/uploads\/2020\/08\/IMG_20200712_111254-1024x577.jpg\" alt=\"\" width=\"1024\" height=\"577\" srcset=\"https:\/\/oco.ro\/wp-content\/uploads\/2020\/08\/IMG_20200712_111254-1024x577.jpg 1024w, https:\/\/oco.ro\/wp-content\/uploads\/2020\/08\/IMG_20200712_111254-300x169.jpg 300w, https:\/\/oco.ro\/wp-content\/uploads\/2020\/08\/IMG_20200712_111254-768x433.jpg 768w, https:\/\/oco.ro\/wp-content\/uploads\/2020\/08\/IMG_20200712_111254-830x468.jpg 830w, https:\/\/oco.ro\/wp-content\/uploads\/2020\/08\/IMG_20200712_111254-230x130.jpg 230w, https:\/\/oco.ro\/wp-content\/uploads\/2020\/08\/IMG_20200712_111254-350x197.jpg 350w, https:\/\/oco.ro\/wp-content\/uploads\/2020\/08\/IMG_20200712_111254-480x270.jpg 480w, https:\/\/oco.ro\/wp-content\/uploads\/2020\/08\/IMG_20200712_111254.jpg 1560w\" sizes=\"(max-width: 1024px) 100vw, 1024px\" \/><\/p>\n<p><img loading=\"lazy\" decoding=\"async\" class=\"alignnone wp-image-1787 size-large\" src=\"http:\/\/oco.ro\/wp-content\/uploads\/2020\/08\/IMG_20200712_112507-1024x577.jpg\" alt=\"\" width=\"1024\" height=\"577\" srcset=\"https:\/\/oco.ro\/wp-content\/uploads\/2020\/08\/IMG_20200712_112507-1024x577.jpg 1024w, https:\/\/oco.ro\/wp-content\/uploads\/2020\/08\/IMG_20200712_112507-300x169.jpg 300w, https:\/\/oco.ro\/wp-content\/uploads\/2020\/08\/IMG_20200712_112507-768x433.jpg 768w, https:\/\/oco.ro\/wp-content\/uploads\/2020\/08\/IMG_20200712_112507-830x468.jpg 830w, https:\/\/oco.ro\/wp-content\/uploads\/2020\/08\/IMG_20200712_112507-230x130.jpg 230w, https:\/\/oco.ro\/wp-content\/uploads\/2020\/08\/IMG_20200712_112507-350x197.jpg 350w, https:\/\/oco.ro\/wp-content\/uploads\/2020\/08\/IMG_20200712_112507-480x270.jpg 480w, https:\/\/oco.ro\/wp-content\/uploads\/2020\/08\/IMG_20200712_112507.jpg 1560w\" sizes=\"(max-width: 1024px) 100vw, 1024px\" \/><\/p>\n<p><img loading=\"lazy\" decoding=\"async\" class=\"alignnone wp-image-1788 size-large\" src=\"http:\/\/oco.ro\/wp-content\/uploads\/2020\/08\/IMG_20200712_131003-1024x577.jpg\" alt=\"\" width=\"1024\" height=\"577\" srcset=\"https:\/\/oco.ro\/wp-content\/uploads\/2020\/08\/IMG_20200712_131003-1024x577.jpg 1024w, https:\/\/oco.ro\/wp-content\/uploads\/2020\/08\/IMG_20200712_131003-300x169.jpg 300w, https:\/\/oco.ro\/wp-content\/uploads\/2020\/08\/IMG_20200712_131003-768x433.jpg 768w, https:\/\/oco.ro\/wp-content\/uploads\/2020\/08\/IMG_20200712_131003-830x468.jpg 830w, https:\/\/oco.ro\/wp-content\/uploads\/2020\/08\/IMG_20200712_131003-230x130.jpg 230w, https:\/\/oco.ro\/wp-content\/uploads\/2020\/08\/IMG_20200712_131003-350x197.jpg 350w, https:\/\/oco.ro\/wp-content\/uploads\/2020\/08\/IMG_20200712_131003-480x270.jpg 480w, https:\/\/oco.ro\/wp-content\/uploads\/2020\/08\/IMG_20200712_131003.jpg 1560w\" sizes=\"(max-width: 1024px) 100vw, 1024px\" \/><\/p>\n<p><img loading=\"lazy\" decoding=\"async\" class=\"alignnone wp-image-1789 size-large\" src=\"http:\/\/oco.ro\/wp-content\/uploads\/2020\/08\/IMG_20200712_134757-1024x577.jpg\" alt=\"\" width=\"1024\" height=\"577\" srcset=\"https:\/\/oco.ro\/wp-content\/uploads\/2020\/08\/IMG_20200712_134757-1024x577.jpg 1024w, https:\/\/oco.ro\/wp-content\/uploads\/2020\/08\/IMG_20200712_134757-300x169.jpg 300w, https:\/\/oco.ro\/wp-content\/uploads\/2020\/08\/IMG_20200712_134757-768x433.jpg 768w, https:\/\/oco.ro\/wp-content\/uploads\/2020\/08\/IMG_20200712_134757-830x468.jpg 830w, https:\/\/oco.ro\/wp-content\/uploads\/2020\/08\/IMG_20200712_134757-230x130.jpg 230w, https:\/\/oco.ro\/wp-content\/uploads\/2020\/08\/IMG_20200712_134757-350x197.jpg 350w, https:\/\/oco.ro\/wp-content\/uploads\/2020\/08\/IMG_20200712_134757-480x270.jpg 480w, https:\/\/oco.ro\/wp-content\/uploads\/2020\/08\/IMG_20200712_134757.jpg 1560w\" sizes=\"(max-width: 1024px) 100vw, 1024px\" \/><\/p>\n<p>&nbsp;<\/p>\n","protected":false},"excerpt":{"rendered":"<p>Aflat \u00een mun\u021bii Poiana Rusc\u0103, \u021ainutul P\u0103durenilor este o zon\u0103 situat\u0103 pe culmi domoale de munte \u00eentre 800-1100m altitudine. Majoritatea locuitorilor din aceste sate, cunoscu\u021bi sub numele de p\u0103dureni s-au ocupat cu mineritul \u0219i producerea fierului (vezi Hunedoara unul dintre cele mai vechi centre siderurgice din \u021bar\u0103). Re\u021beaua de drumuri de macadam care leag\u0103 satele [&hellip;]<\/p>\n","protected":false},"author":1,"featured_media":0,"parent":161,"menu_order":0,"comment_status":"closed","ping_status":"closed","template":"","meta":{"footnotes":""},"class_list":["post-1770","page","type-page","status-publish","hentry"],"_links":{"self":[{"href":"https:\/\/oco.ro\/index.php?rest_route=\/wp\/v2\/pages\/1770"}],"collection":[{"href":"https:\/\/oco.ro\/index.php?rest_route=\/wp\/v2\/pages"}],"about":[{"href":"https:\/\/oco.ro\/index.php?rest_route=\/wp\/v2\/types\/page"}],"author":[{"embeddable":true,"href":"https:\/\/oco.ro\/index.php?rest_route=\/wp\/v2\/users\/1"}],"replies":[{"embeddable":true,"href":"https:\/\/oco.ro\/index.php?rest_route=%2Fwp%2Fv2%2Fcomments&post=1770"}],"version-history":[{"count":2,"href":"https:\/\/oco.ro\/index.php?rest_route=\/wp\/v2\/pages\/1770\/revisions"}],"predecessor-version":[{"id":1953,"href":"https:\/\/oco.ro\/index.php?rest_route=\/wp\/v2\/pages\/1770\/revisions\/1953"}],"up":[{"embeddable":true,"href":"https:\/\/oco.ro\/index.php?rest_route=\/wp\/v2\/pages\/161"}],"wp:attachment":[{"href":"https:\/\/oco.ro\/index.php?rest_route=%2Fwp%2Fv2%2Fmedia&parent=1770"}],"curies":[{"name":"wp","href":"https:\/\/api.w.org\/{rel}","templated":true}]}}