{"id":1792,"date":"2020-08-19T13:26:23","date_gmt":"2020-08-19T13:26:23","guid":{"rendered":"http:\/\/oco.ro\/?page_id=1792"},"modified":"2020-08-20T08:39:12","modified_gmt":"2020-08-20T08:39:12","slug":"muntii-almajului","status":"publish","type":"page","link":"https:\/\/oco.ro\/?page_id=1792","title":{"rendered":"Muntii Almajului"},"content":{"rendered":"<p>Originea satelor cehe\u0219ti (cehii \u00een zon\u0103 sunt numi\u021bi pemi) se pierde \u00een istorie. Ei au venit aici pe vremea imperiului Austro-Ungar, \u00eencep\u00e2nd cu anul 1780, \u00een special pentru a lucra \u00een minele din zon\u0103. Satele lor, 6 la num\u0103r ast\u0103zi Sf. Elena, G\u00eernic, Ravensca, Big\u0103r, Eibental, \u0218umi\u021ba sunt \u00een principal a\u0219ezate pe culmea principal\u0103 a mun\u021bilor Alm\u0103jului, ni\u0219te mun\u021bi domoli care cu greu dep\u0103\u0219esc altitudini de 600m.<br \/>\nCu toate c\u0103 ast\u0103zi mineritul nu se mai practic\u0103 \u00een zon\u0103, gra\u021bie unui program derulat de Cehia, pemii au primit fonduri pentru dezvoltarea micilor afaceri \u00een special \u00een domeniul turismului. A\u0219a se face c\u0103 ast\u0103zi \u00een satele men\u021bionate exist\u0103 unit\u0103\u021bi de cazare tradi\u021bionale unde putem \u00eennopta dar \u0219i gusta din produse specifice zonei. Re\u021beaua de drumuri de macadam combinate cu turismul tradi\u021bional au transfomat zona Almajului \u00eentr-o destina\u021bie perfect\u0103 pentru turele de MTB.<br \/>\nAnotimpurile clade sunt cele mai propice turelor de biciclet\u0103 in special in perioada aprilie\u2013 octombrie.\u00a0Pentru detalii suplimentare si organizarea turelor ne puteti\u00a0<a href=\"http:\/\/oco.ro\/index.php\/contact\/\">contacta<\/a>.<\/p>\n<p><img fetchpriority=\"high\" decoding=\"async\" class=\"alignnone wp-image-1802 size-large\" src=\"http:\/\/oco.ro\/wp-content\/uploads\/2020\/08\/IMG_0118-1024x683.jpg\" alt=\"\" width=\"1024\" height=\"683\" srcset=\"https:\/\/oco.ro\/wp-content\/uploads\/2020\/08\/IMG_0118-1024x683.jpg 1024w, https:\/\/oco.ro\/wp-content\/uploads\/2020\/08\/IMG_0118-300x200.jpg 300w, https:\/\/oco.ro\/wp-content\/uploads\/2020\/08\/IMG_0118-768x512.jpg 768w, https:\/\/oco.ro\/wp-content\/uploads\/2020\/08\/IMG_0118-830x553.jpg 830w, https:\/\/oco.ro\/wp-content\/uploads\/2020\/08\/IMG_0118-230x153.jpg 230w, https:\/\/oco.ro\/wp-content\/uploads\/2020\/08\/IMG_0118-350x233.jpg 350w, https:\/\/oco.ro\/wp-content\/uploads\/2020\/08\/IMG_0118-480x320.jpg 480w, https:\/\/oco.ro\/wp-content\/uploads\/2020\/08\/IMG_0118-272x182.jpg 272w, https:\/\/oco.ro\/wp-content\/uploads\/2020\/08\/IMG_0118.jpg 1332w\" sizes=\"(max-width: 1024px) 100vw, 1024px\" \/><\/p>\n<p><img decoding=\"async\" class=\"alignnone wp-image-1801 size-large\" src=\"http:\/\/oco.ro\/wp-content\/uploads\/2020\/08\/IMG_0117-1024x683.jpg\" alt=\"\" width=\"1024\" height=\"683\" srcset=\"https:\/\/oco.ro\/wp-content\/uploads\/2020\/08\/IMG_0117-1024x683.jpg 1024w, https:\/\/oco.ro\/wp-content\/uploads\/2020\/08\/IMG_0117-300x200.jpg 300w, https:\/\/oco.ro\/wp-content\/uploads\/2020\/08\/IMG_0117-768x512.jpg 768w, https:\/\/oco.ro\/wp-content\/uploads\/2020\/08\/IMG_0117-830x553.jpg 830w, https:\/\/oco.ro\/wp-content\/uploads\/2020\/08\/IMG_0117-230x153.jpg 230w, https:\/\/oco.ro\/wp-content\/uploads\/2020\/08\/IMG_0117-350x233.jpg 350w, https:\/\/oco.ro\/wp-content\/uploads\/2020\/08\/IMG_0117-480x320.jpg 480w, https:\/\/oco.ro\/wp-content\/uploads\/2020\/08\/IMG_0117-272x182.jpg 272w, https:\/\/oco.ro\/wp-content\/uploads\/2020\/08\/IMG_0117.jpg 1332w\" sizes=\"(max-width: 1024px) 100vw, 1024px\" \/><\/p>\n<p><img decoding=\"async\" class=\"alignnone wp-image-1800 size-full\" src=\"http:\/\/oco.ro\/wp-content\/uploads\/2020\/08\/DSC3254.jpg\" alt=\"\" width=\"1000\" height=\"666\" srcset=\"https:\/\/oco.ro\/wp-content\/uploads\/2020\/08\/DSC3254.jpg 1000w, https:\/\/oco.ro\/wp-content\/uploads\/2020\/08\/DSC3254-300x200.jpg 300w, https:\/\/oco.ro\/wp-content\/uploads\/2020\/08\/DSC3254-768x511.jpg 768w, https:\/\/oco.ro\/wp-content\/uploads\/2020\/08\/DSC3254-830x553.jpg 830w, https:\/\/oco.ro\/wp-content\/uploads\/2020\/08\/DSC3254-230x153.jpg 230w, https:\/\/oco.ro\/wp-content\/uploads\/2020\/08\/DSC3254-350x233.jpg 350w, https:\/\/oco.ro\/wp-content\/uploads\/2020\/08\/DSC3254-480x320.jpg 480w, https:\/\/oco.ro\/wp-content\/uploads\/2020\/08\/DSC3254-272x182.jpg 272w\" sizes=\"(max-width: 1000px) 100vw, 1000px\" \/><\/p>\n<p><img loading=\"lazy\" decoding=\"async\" class=\"alignnone wp-image-1799 size-full\" src=\"http:\/\/oco.ro\/wp-content\/uploads\/2020\/08\/DSC3225.jpg\" alt=\"\" width=\"1000\" height=\"666\" srcset=\"https:\/\/oco.ro\/wp-content\/uploads\/2020\/08\/DSC3225.jpg 1000w, https:\/\/oco.ro\/wp-content\/uploads\/2020\/08\/DSC3225-300x200.jpg 300w, https:\/\/oco.ro\/wp-content\/uploads\/2020\/08\/DSC3225-768x511.jpg 768w, https:\/\/oco.ro\/wp-content\/uploads\/2020\/08\/DSC3225-830x553.jpg 830w, https:\/\/oco.ro\/wp-content\/uploads\/2020\/08\/DSC3225-230x153.jpg 230w, https:\/\/oco.ro\/wp-content\/uploads\/2020\/08\/DSC3225-350x233.jpg 350w, https:\/\/oco.ro\/wp-content\/uploads\/2020\/08\/DSC3225-480x320.jpg 480w, https:\/\/oco.ro\/wp-content\/uploads\/2020\/08\/DSC3225-272x182.jpg 272w\" sizes=\"(max-width: 1000px) 100vw, 1000px\" \/><\/p>\n<p><img loading=\"lazy\" decoding=\"async\" class=\"alignnone wp-image-1798 size-full\" src=\"http:\/\/oco.ro\/wp-content\/uploads\/2020\/08\/DSC3200.jpg\" alt=\"\" width=\"1000\" height=\"666\" srcset=\"https:\/\/oco.ro\/wp-content\/uploads\/2020\/08\/DSC3200.jpg 1000w, https:\/\/oco.ro\/wp-content\/uploads\/2020\/08\/DSC3200-300x200.jpg 300w, https:\/\/oco.ro\/wp-content\/uploads\/2020\/08\/DSC3200-768x511.jpg 768w, https:\/\/oco.ro\/wp-content\/uploads\/2020\/08\/DSC3200-830x553.jpg 830w, https:\/\/oco.ro\/wp-content\/uploads\/2020\/08\/DSC3200-230x153.jpg 230w, https:\/\/oco.ro\/wp-content\/uploads\/2020\/08\/DSC3200-350x233.jpg 350w, https:\/\/oco.ro\/wp-content\/uploads\/2020\/08\/DSC3200-480x320.jpg 480w, https:\/\/oco.ro\/wp-content\/uploads\/2020\/08\/DSC3200-272x182.jpg 272w\" sizes=\"(max-width: 1000px) 100vw, 1000px\" \/><\/p>\n<p><img loading=\"lazy\" decoding=\"async\" class=\"alignnone wp-image-1797 size-full\" src=\"http:\/\/oco.ro\/wp-content\/uploads\/2020\/08\/DSC3157.jpg\" alt=\"\" width=\"1000\" height=\"666\" srcset=\"https:\/\/oco.ro\/wp-content\/uploads\/2020\/08\/DSC3157.jpg 1000w, https:\/\/oco.ro\/wp-content\/uploads\/2020\/08\/DSC3157-300x200.jpg 300w, https:\/\/oco.ro\/wp-content\/uploads\/2020\/08\/DSC3157-768x511.jpg 768w, https:\/\/oco.ro\/wp-content\/uploads\/2020\/08\/DSC3157-830x553.jpg 830w, https:\/\/oco.ro\/wp-content\/uploads\/2020\/08\/DSC3157-230x153.jpg 230w, https:\/\/oco.ro\/wp-content\/uploads\/2020\/08\/DSC3157-350x233.jpg 350w, https:\/\/oco.ro\/wp-content\/uploads\/2020\/08\/DSC3157-480x320.jpg 480w, https:\/\/oco.ro\/wp-content\/uploads\/2020\/08\/DSC3157-272x182.jpg 272w\" sizes=\"(max-width: 1000px) 100vw, 1000px\" \/><\/p>\n<p><img loading=\"lazy\" decoding=\"async\" class=\"alignnone wp-image-1796 size-full\" src=\"http:\/\/oco.ro\/wp-content\/uploads\/2020\/08\/DSC3143.jpg\" alt=\"\" width=\"1000\" height=\"666\" srcset=\"https:\/\/oco.ro\/wp-content\/uploads\/2020\/08\/DSC3143.jpg 1000w, https:\/\/oco.ro\/wp-content\/uploads\/2020\/08\/DSC3143-300x200.jpg 300w, https:\/\/oco.ro\/wp-content\/uploads\/2020\/08\/DSC3143-768x511.jpg 768w, https:\/\/oco.ro\/wp-content\/uploads\/2020\/08\/DSC3143-830x553.jpg 830w, https:\/\/oco.ro\/wp-content\/uploads\/2020\/08\/DSC3143-230x153.jpg 230w, https:\/\/oco.ro\/wp-content\/uploads\/2020\/08\/DSC3143-350x233.jpg 350w, https:\/\/oco.ro\/wp-content\/uploads\/2020\/08\/DSC3143-480x320.jpg 480w, https:\/\/oco.ro\/wp-content\/uploads\/2020\/08\/DSC3143-272x182.jpg 272w\" sizes=\"(max-width: 1000px) 100vw, 1000px\" \/><\/p>\n<p><img loading=\"lazy\" decoding=\"async\" class=\"alignnone wp-image-1795 size-full\" src=\"http:\/\/oco.ro\/wp-content\/uploads\/2020\/08\/DSC3116.jpg\" alt=\"\" width=\"1000\" height=\"666\" srcset=\"https:\/\/oco.ro\/wp-content\/uploads\/2020\/08\/DSC3116.jpg 1000w, https:\/\/oco.ro\/wp-content\/uploads\/2020\/08\/DSC3116-300x200.jpg 300w, https:\/\/oco.ro\/wp-content\/uploads\/2020\/08\/DSC3116-768x511.jpg 768w, https:\/\/oco.ro\/wp-content\/uploads\/2020\/08\/DSC3116-830x553.jpg 830w, https:\/\/oco.ro\/wp-content\/uploads\/2020\/08\/DSC3116-230x153.jpg 230w, https:\/\/oco.ro\/wp-content\/uploads\/2020\/08\/DSC3116-350x233.jpg 350w, https:\/\/oco.ro\/wp-content\/uploads\/2020\/08\/DSC3116-480x320.jpg 480w, https:\/\/oco.ro\/wp-content\/uploads\/2020\/08\/DSC3116-272x182.jpg 272w\" sizes=\"(max-width: 1000px) 100vw, 1000px\" \/><\/p>\n","protected":false},"excerpt":{"rendered":"<p>Originea satelor cehe\u0219ti (cehii \u00een zon\u0103 sunt numi\u021bi pemi) se pierde \u00een istorie. Ei au venit aici pe vremea imperiului Austro-Ungar, \u00eencep\u00e2nd cu anul 1780, \u00een special pentru a lucra \u00een minele din zon\u0103. Satele lor, 6 la num\u0103r ast\u0103zi Sf. Elena, G\u00eernic, Ravensca, Big\u0103r, Eibental, \u0218umi\u021ba sunt \u00een principal a\u0219ezate pe culmea principal\u0103 a [&hellip;]<\/p>\n","protected":false},"author":1,"featured_media":0,"parent":161,"menu_order":0,"comment_status":"closed","ping_status":"closed","template":"","meta":{"footnotes":""},"class_list":["post-1792","page","type-page","status-publish","hentry"],"_links":{"self":[{"href":"https:\/\/oco.ro\/index.php?rest_route=\/wp\/v2\/pages\/1792"}],"collection":[{"href":"https:\/\/oco.ro\/index.php?rest_route=\/wp\/v2\/pages"}],"about":[{"href":"https:\/\/oco.ro\/index.php?rest_route=\/wp\/v2\/types\/page"}],"author":[{"embeddable":true,"href":"https:\/\/oco.ro\/index.php?rest_route=\/wp\/v2\/users\/1"}],"replies":[{"embeddable":true,"href":"https:\/\/oco.ro\/index.php?rest_route=%2Fwp%2Fv2%2Fcomments&post=1792"}],"version-history":[{"count":3,"href":"https:\/\/oco.ro\/index.php?rest_route=\/wp\/v2\/pages\/1792\/revisions"}],"predecessor-version":[{"id":1804,"href":"https:\/\/oco.ro\/index.php?rest_route=\/wp\/v2\/pages\/1792\/revisions\/1804"}],"up":[{"embeddable":true,"href":"https:\/\/oco.ro\/index.php?rest_route=\/wp\/v2\/pages\/161"}],"wp:attachment":[{"href":"https:\/\/oco.ro\/index.php?rest_route=%2Fwp%2Fv2%2Fmedia&parent=1792"}],"curies":[{"name":"wp","href":"https:\/\/api.w.org\/{rel}","templated":true}]}}