{"id":1807,"date":"2020-08-20T10:45:35","date_gmt":"2020-08-20T10:45:35","guid":{"rendered":"http:\/\/oco.ro\/?page_id=1807"},"modified":"2024-10-30T07:46:04","modified_gmt":"2024-10-30T07:46:04","slug":"dealurile-lipovei","status":"publish","type":"page","link":"https:\/\/oco.ro\/?page_id=1807","title":{"rendered":"Dealurile Lipovei"},"content":{"rendered":"<p>In locul unde Carpa\u021bii Occidentali \u00eent\u00e2lnesc C\u00e2mpia de Vest, \u00een apropiere de Timi\u0219oara se afl\u0103 Dealurile Lipovei, aceast\u0103 unitate de relief fac\u00e2nd practic tranzi\u021bia de la munte la zona de c\u00e2mpie, De\u0219i nu se remarc\u0103 prin altitudini mari, maximul fiind undeva \u00een jur de 300m are un avantaj enorm \u0219i anume c\u0103 se afl\u0103 la doar 20km dep\u0103rtare de Timisoara \u0219i cam tot at\u00e2t de Arad.<br \/>\nCum ambele ora\u0219e de c\u00e2mpie nu duc lips\u0103 de entuzia\u0219ti ai pedalatului Dealurile Lipovei au devenit \u00een scurt timp un loc de joac\u0103 preferat.<br \/>\nDat fiind altitudinile mici dar \u0219i faptului c\u0103 \u00een anumite zone exist\u0103 inser\u021bii de c\u00e2mpie, Dealurile Lipovei au fost locuite din timpuri str\u0103vechi. O dovad\u0103 incontestabil\u0103 este Podgoria de la Reca\u0219, dat\u00e2nd din vremea roman\u0103, ast\u0103zi una dintre cele mai cunoscute de la noi din \u021bar\u0103. Peisajul viticol este completat de podgoria de la Petrovaselo singurul produc\u0103tor de vin ecologic din Rom\u00e2nia.<br \/>\nRe\u021beaua de drumuri dintre satele din zon\u0103 \u00eenc\u0103 nu este complet asfaltat\u0103 oferind bicicli\u0219tilor o \u00eentreag\u0103 palet\u0103 de posibilit\u0103\u021bi, de la drumuri de macadam, la cele de p\u0103m\u00e2nd dar \u0219i astfalt. De asemenea nici obiectivele din zon\u0103 nu lipsesc: lacul Ianova, P\u0103durea de la Pi\u0219chia, Vulcanii noroio\u0219i de la Seceani, Satul circular Charlottenburg iar lista poate continua.<br \/>\nZona este accesibil\u0103 tot timpul anului dar evident anotimpurile calde sunt cele mai propice turelor de biciclet\u0103 \u00een special perioada aprilie\u2013 octombrie.\u00a0Pentru detalii suplimentare \u0219i organizarea turelor ne puteti\u00a0<a href=\"http:\/\/oco.ro\/index.php\/contact\/\">contacta<\/a>.<\/p>\n<p><img fetchpriority=\"high\" decoding=\"async\" class=\"alignnone wp-image-1825 size-large\" src=\"http:\/\/oco.ro\/wp-content\/uploads\/2020\/08\/IMG_20200820_122420_-1024x768.jpg\" alt=\"\" width=\"1024\" height=\"768\" srcset=\"https:\/\/oco.ro\/wp-content\/uploads\/2020\/08\/IMG_20200820_122420_.jpg 1024w, https:\/\/oco.ro\/wp-content\/uploads\/2020\/08\/IMG_20200820_122420_-300x225.jpg 300w, https:\/\/oco.ro\/wp-content\/uploads\/2020\/08\/IMG_20200820_122420_-768x576.jpg 768w, https:\/\/oco.ro\/wp-content\/uploads\/2020\/08\/IMG_20200820_122420_-830x623.jpg 830w, https:\/\/oco.ro\/wp-content\/uploads\/2020\/08\/IMG_20200820_122420_-230x173.jpg 230w, https:\/\/oco.ro\/wp-content\/uploads\/2020\/08\/IMG_20200820_122420_-350x263.jpg 350w, https:\/\/oco.ro\/wp-content\/uploads\/2020\/08\/IMG_20200820_122420_-480x360.jpg 480w\" sizes=\"(max-width: 1024px) 100vw, 1024px\" \/><\/p>\n<p><img decoding=\"async\" class=\"alignnone wp-image-1808 size-large\" src=\"http:\/\/oco.ro\/wp-content\/uploads\/2020\/08\/DSC0856-1024x683.jpg\" alt=\"\" width=\"1024\" height=\"683\" srcset=\"https:\/\/oco.ro\/wp-content\/uploads\/2020\/08\/DSC0856-1024x683.jpg 1024w, https:\/\/oco.ro\/wp-content\/uploads\/2020\/08\/DSC0856-300x200.jpg 300w, https:\/\/oco.ro\/wp-content\/uploads\/2020\/08\/DSC0856-768x512.jpg 768w, https:\/\/oco.ro\/wp-content\/uploads\/2020\/08\/DSC0856-830x553.jpg 830w, https:\/\/oco.ro\/wp-content\/uploads\/2020\/08\/DSC0856-230x153.jpg 230w, https:\/\/oco.ro\/wp-content\/uploads\/2020\/08\/DSC0856-350x233.jpg 350w, https:\/\/oco.ro\/wp-content\/uploads\/2020\/08\/DSC0856-480x320.jpg 480w, https:\/\/oco.ro\/wp-content\/uploads\/2020\/08\/DSC0856-272x182.jpg 272w, https:\/\/oco.ro\/wp-content\/uploads\/2020\/08\/DSC0856.jpg 1332w\" sizes=\"(max-width: 1024px) 100vw, 1024px\" \/><\/p>\n<p><img decoding=\"async\" class=\"alignnone wp-image-1809 size-large\" src=\"http:\/\/oco.ro\/wp-content\/uploads\/2020\/08\/DSC1216-1024x683.jpg\" alt=\"\" width=\"1024\" height=\"683\" srcset=\"https:\/\/oco.ro\/wp-content\/uploads\/2020\/08\/DSC1216-1024x683.jpg 1024w, https:\/\/oco.ro\/wp-content\/uploads\/2020\/08\/DSC1216-300x200.jpg 300w, https:\/\/oco.ro\/wp-content\/uploads\/2020\/08\/DSC1216-768x512.jpg 768w, https:\/\/oco.ro\/wp-content\/uploads\/2020\/08\/DSC1216-830x554.jpg 830w, https:\/\/oco.ro\/wp-content\/uploads\/2020\/08\/DSC1216-230x153.jpg 230w, https:\/\/oco.ro\/wp-content\/uploads\/2020\/08\/DSC1216-350x233.jpg 350w, https:\/\/oco.ro\/wp-content\/uploads\/2020\/08\/DSC1216-480x320.jpg 480w, https:\/\/oco.ro\/wp-content\/uploads\/2020\/08\/DSC1216-272x182.jpg 272w, https:\/\/oco.ro\/wp-content\/uploads\/2020\/08\/DSC1216.jpg 1405w\" sizes=\"(max-width: 1024px) 100vw, 1024px\" \/><\/p>\n<p><img loading=\"lazy\" decoding=\"async\" class=\"alignnone wp-image-1810 size-large\" src=\"http:\/\/oco.ro\/wp-content\/uploads\/2020\/08\/DSC1219-1024x683.jpg\" alt=\"\" width=\"1024\" height=\"683\" srcset=\"https:\/\/oco.ro\/wp-content\/uploads\/2020\/08\/DSC1219-1024x683.jpg 1024w, https:\/\/oco.ro\/wp-content\/uploads\/2020\/08\/DSC1219-300x200.jpg 300w, https:\/\/oco.ro\/wp-content\/uploads\/2020\/08\/DSC1219-768x512.jpg 768w, https:\/\/oco.ro\/wp-content\/uploads\/2020\/08\/DSC1219-830x553.jpg 830w, https:\/\/oco.ro\/wp-content\/uploads\/2020\/08\/DSC1219-230x153.jpg 230w, https:\/\/oco.ro\/wp-content\/uploads\/2020\/08\/DSC1219-350x233.jpg 350w, https:\/\/oco.ro\/wp-content\/uploads\/2020\/08\/DSC1219-480x320.jpg 480w, https:\/\/oco.ro\/wp-content\/uploads\/2020\/08\/DSC1219-272x182.jpg 272w, https:\/\/oco.ro\/wp-content\/uploads\/2020\/08\/DSC1219.jpg 1332w\" sizes=\"(max-width: 1024px) 100vw, 1024px\" \/><\/p>\n<p><img loading=\"lazy\" decoding=\"async\" class=\"alignnone wp-image-1812 size-large\" src=\"http:\/\/oco.ro\/wp-content\/uploads\/2020\/08\/Cramele-Reca\u015f-1024x679.jpg\" alt=\"\" width=\"1024\" height=\"679\" srcset=\"https:\/\/oco.ro\/wp-content\/uploads\/2020\/08\/Cramele-Reca\u015f-1024x679.jpg 1024w, https:\/\/oco.ro\/wp-content\/uploads\/2020\/08\/Cramele-Reca\u015f-300x199.jpg 300w, https:\/\/oco.ro\/wp-content\/uploads\/2020\/08\/Cramele-Reca\u015f-768x509.jpg 768w, https:\/\/oco.ro\/wp-content\/uploads\/2020\/08\/Cramele-Reca\u015f-830x550.jpg 830w, https:\/\/oco.ro\/wp-content\/uploads\/2020\/08\/Cramele-Reca\u015f-230x152.jpg 230w, https:\/\/oco.ro\/wp-content\/uploads\/2020\/08\/Cramele-Reca\u015f-350x232.jpg 350w, https:\/\/oco.ro\/wp-content\/uploads\/2020\/08\/Cramele-Reca\u015f-480x318.jpg 480w, https:\/\/oco.ro\/wp-content\/uploads\/2020\/08\/Cramele-Reca\u015f.jpg 1150w\" sizes=\"(max-width: 1024px) 100vw, 1024px\" \/><\/p>\n<p><img loading=\"lazy\" decoding=\"async\" class=\"alignnone wp-image-1813 size-large\" src=\"http:\/\/oco.ro\/wp-content\/uploads\/2020\/08\/DSC_1359-1024x576.jpg\" alt=\"\" width=\"1024\" height=\"576\" srcset=\"https:\/\/oco.ro\/wp-content\/uploads\/2020\/08\/DSC_1359-1024x576.jpg 1024w, https:\/\/oco.ro\/wp-content\/uploads\/2020\/08\/DSC_1359-300x169.jpg 300w, https:\/\/oco.ro\/wp-content\/uploads\/2020\/08\/DSC_1359-768x432.jpg 768w, https:\/\/oco.ro\/wp-content\/uploads\/2020\/08\/DSC_1359-830x467.jpg 830w, https:\/\/oco.ro\/wp-content\/uploads\/2020\/08\/DSC_1359-230x129.jpg 230w, https:\/\/oco.ro\/wp-content\/uploads\/2020\/08\/DSC_1359-350x197.jpg 350w, https:\/\/oco.ro\/wp-content\/uploads\/2020\/08\/DSC_1359-480x270.jpg 480w, https:\/\/oco.ro\/wp-content\/uploads\/2020\/08\/DSC_1359.jpg 1560w\" sizes=\"(max-width: 1024px) 100vw, 1024px\" \/><\/p>\n<p><img loading=\"lazy\" decoding=\"async\" class=\"alignnone wp-image-1814 size-large\" src=\"http:\/\/oco.ro\/wp-content\/uploads\/2020\/08\/DSC_1361-1024x576.jpg\" alt=\"\" width=\"1024\" height=\"576\" srcset=\"https:\/\/oco.ro\/wp-content\/uploads\/2020\/08\/DSC_1361-1024x576.jpg 1024w, https:\/\/oco.ro\/wp-content\/uploads\/2020\/08\/DSC_1361-300x169.jpg 300w, https:\/\/oco.ro\/wp-content\/uploads\/2020\/08\/DSC_1361-768x432.jpg 768w, https:\/\/oco.ro\/wp-content\/uploads\/2020\/08\/DSC_1361-830x467.jpg 830w, https:\/\/oco.ro\/wp-content\/uploads\/2020\/08\/DSC_1361-230x129.jpg 230w, https:\/\/oco.ro\/wp-content\/uploads\/2020\/08\/DSC_1361-350x197.jpg 350w, https:\/\/oco.ro\/wp-content\/uploads\/2020\/08\/DSC_1361-480x270.jpg 480w, https:\/\/oco.ro\/wp-content\/uploads\/2020\/08\/DSC_1361.jpg 1560w\" sizes=\"(max-width: 1024px) 100vw, 1024px\" \/><\/p>\n<p><img loading=\"lazy\" decoding=\"async\" class=\"alignnone wp-image-1815 size-large\" src=\"http:\/\/oco.ro\/wp-content\/uploads\/2020\/08\/DSC_1370-1024x576.jpg\" alt=\"\" width=\"1024\" height=\"576\" srcset=\"https:\/\/oco.ro\/wp-content\/uploads\/2020\/08\/DSC_1370-1024x576.jpg 1024w, https:\/\/oco.ro\/wp-content\/uploads\/2020\/08\/DSC_1370-300x169.jpg 300w, https:\/\/oco.ro\/wp-content\/uploads\/2020\/08\/DSC_1370-768x432.jpg 768w, https:\/\/oco.ro\/wp-content\/uploads\/2020\/08\/DSC_1370-830x467.jpg 830w, https:\/\/oco.ro\/wp-content\/uploads\/2020\/08\/DSC_1370-230x129.jpg 230w, https:\/\/oco.ro\/wp-content\/uploads\/2020\/08\/DSC_1370-350x197.jpg 350w, https:\/\/oco.ro\/wp-content\/uploads\/2020\/08\/DSC_1370-480x270.jpg 480w, https:\/\/oco.ro\/wp-content\/uploads\/2020\/08\/DSC_1370.jpg 1560w\" sizes=\"(max-width: 1024px) 100vw, 1024px\" \/><\/p>\n<p><img loading=\"lazy\" decoding=\"async\" class=\"alignnone wp-image-1816 size-large\" src=\"http:\/\/oco.ro\/wp-content\/uploads\/2020\/08\/DSC_1379-1024x576.jpg\" alt=\"\" width=\"1024\" height=\"576\" srcset=\"https:\/\/oco.ro\/wp-content\/uploads\/2020\/08\/DSC_1379-1024x576.jpg 1024w, https:\/\/oco.ro\/wp-content\/uploads\/2020\/08\/DSC_1379-300x169.jpg 300w, https:\/\/oco.ro\/wp-content\/uploads\/2020\/08\/DSC_1379-768x432.jpg 768w, https:\/\/oco.ro\/wp-content\/uploads\/2020\/08\/DSC_1379-830x467.jpg 830w, https:\/\/oco.ro\/wp-content\/uploads\/2020\/08\/DSC_1379-230x129.jpg 230w, https:\/\/oco.ro\/wp-content\/uploads\/2020\/08\/DSC_1379-350x197.jpg 350w, https:\/\/oco.ro\/wp-content\/uploads\/2020\/08\/DSC_1379-480x270.jpg 480w, https:\/\/oco.ro\/wp-content\/uploads\/2020\/08\/DSC_1379.jpg 1560w\" sizes=\"(max-width: 1024px) 100vw, 1024px\" \/><\/p>\n<p><img loading=\"lazy\" decoding=\"async\" class=\"alignnone wp-image-1817 size-large\" src=\"http:\/\/oco.ro\/wp-content\/uploads\/2020\/08\/DSC_1385-1024x576.jpg\" alt=\"\" width=\"1024\" height=\"576\" srcset=\"https:\/\/oco.ro\/wp-content\/uploads\/2020\/08\/DSC_1385-1024x576.jpg 1024w, https:\/\/oco.ro\/wp-content\/uploads\/2020\/08\/DSC_1385-300x169.jpg 300w, https:\/\/oco.ro\/wp-content\/uploads\/2020\/08\/DSC_1385-768x432.jpg 768w, https:\/\/oco.ro\/wp-content\/uploads\/2020\/08\/DSC_1385-830x467.jpg 830w, https:\/\/oco.ro\/wp-content\/uploads\/2020\/08\/DSC_1385-230x129.jpg 230w, https:\/\/oco.ro\/wp-content\/uploads\/2020\/08\/DSC_1385-350x197.jpg 350w, https:\/\/oco.ro\/wp-content\/uploads\/2020\/08\/DSC_1385-480x270.jpg 480w, https:\/\/oco.ro\/wp-content\/uploads\/2020\/08\/DSC_1385.jpg 1560w\" sizes=\"(max-width: 1024px) 100vw, 1024px\" \/><\/p>\n<p><img loading=\"lazy\" decoding=\"async\" class=\"alignnone wp-image-1818 size-large\" src=\"http:\/\/oco.ro\/wp-content\/uploads\/2020\/08\/DSC_1388-1024x576.jpg\" alt=\"\" width=\"1024\" height=\"576\" srcset=\"https:\/\/oco.ro\/wp-content\/uploads\/2020\/08\/DSC_1388-1024x576.jpg 1024w, https:\/\/oco.ro\/wp-content\/uploads\/2020\/08\/DSC_1388-300x169.jpg 300w, https:\/\/oco.ro\/wp-content\/uploads\/2020\/08\/DSC_1388-768x432.jpg 768w, https:\/\/oco.ro\/wp-content\/uploads\/2020\/08\/DSC_1388-830x467.jpg 830w, https:\/\/oco.ro\/wp-content\/uploads\/2020\/08\/DSC_1388-230x129.jpg 230w, https:\/\/oco.ro\/wp-content\/uploads\/2020\/08\/DSC_1388-350x197.jpg 350w, https:\/\/oco.ro\/wp-content\/uploads\/2020\/08\/DSC_1388-480x270.jpg 480w, https:\/\/oco.ro\/wp-content\/uploads\/2020\/08\/DSC_1388.jpg 1560w\" sizes=\"(max-width: 1024px) 100vw, 1024px\" \/><\/p>\n<p><img loading=\"lazy\" decoding=\"async\" class=\"alignnone wp-image-1819 size-large\" src=\"http:\/\/oco.ro\/wp-content\/uploads\/2020\/08\/DSC_2018-1-1024x576.jpg\" alt=\"\" width=\"1024\" height=\"576\" srcset=\"https:\/\/oco.ro\/wp-content\/uploads\/2020\/08\/DSC_2018-1-1024x576.jpg 1024w, https:\/\/oco.ro\/wp-content\/uploads\/2020\/08\/DSC_2018-1-300x169.jpg 300w, https:\/\/oco.ro\/wp-content\/uploads\/2020\/08\/DSC_2018-1-768x432.jpg 768w, https:\/\/oco.ro\/wp-content\/uploads\/2020\/08\/DSC_2018-1-830x467.jpg 830w, https:\/\/oco.ro\/wp-content\/uploads\/2020\/08\/DSC_2018-1-230x129.jpg 230w, https:\/\/oco.ro\/wp-content\/uploads\/2020\/08\/DSC_2018-1-350x197.jpg 350w, https:\/\/oco.ro\/wp-content\/uploads\/2020\/08\/DSC_2018-1-480x270.jpg 480w, https:\/\/oco.ro\/wp-content\/uploads\/2020\/08\/DSC_2018-1.jpg 1560w\" sizes=\"(max-width: 1024px) 100vw, 1024px\" \/><\/p>\n<p><img loading=\"lazy\" decoding=\"async\" class=\"alignnone wp-image-1820 size-large\" src=\"http:\/\/oco.ro\/wp-content\/uploads\/2020\/08\/IMG_20200607_121540-1024x768.jpg\" alt=\"\" width=\"1024\" height=\"768\" srcset=\"https:\/\/oco.ro\/wp-content\/uploads\/2020\/08\/IMG_20200607_121540-1024x768.jpg 1024w, https:\/\/oco.ro\/wp-content\/uploads\/2020\/08\/IMG_20200607_121540-300x225.jpg 300w, https:\/\/oco.ro\/wp-content\/uploads\/2020\/08\/IMG_20200607_121540-768x576.jpg 768w, https:\/\/oco.ro\/wp-content\/uploads\/2020\/08\/IMG_20200607_121540-830x623.jpg 830w, https:\/\/oco.ro\/wp-content\/uploads\/2020\/08\/IMG_20200607_121540-230x173.jpg 230w, https:\/\/oco.ro\/wp-content\/uploads\/2020\/08\/IMG_20200607_121540-350x263.jpg 350w, https:\/\/oco.ro\/wp-content\/uploads\/2020\/08\/IMG_20200607_121540-480x360.jpg 480w, https:\/\/oco.ro\/wp-content\/uploads\/2020\/08\/IMG_20200607_121540.jpg 1184w\" sizes=\"(max-width: 1024px) 100vw, 1024px\" \/><\/p>\n<p><img loading=\"lazy\" decoding=\"async\" class=\"alignnone wp-image-1821 \" src=\"http:\/\/oco.ro\/wp-content\/uploads\/2020\/08\/large_ghiduri-destinatie-de-weekend-satul-rotund-charlottenburg-judetul-timis_2718.jpg\" alt=\"\" width=\"547\" height=\"295\" srcset=\"https:\/\/oco.ro\/wp-content\/uploads\/2020\/08\/large_ghiduri-destinatie-de-weekend-satul-rotund-charlottenburg-judetul-timis_2718.jpg 791w, https:\/\/oco.ro\/wp-content\/uploads\/2020\/08\/large_ghiduri-destinatie-de-weekend-satul-rotund-charlottenburg-judetul-timis_2718-300x162.jpg 300w, https:\/\/oco.ro\/wp-content\/uploads\/2020\/08\/large_ghiduri-destinatie-de-weekend-satul-rotund-charlottenburg-judetul-timis_2718-768x414.jpg 768w, https:\/\/oco.ro\/wp-content\/uploads\/2020\/08\/large_ghiduri-destinatie-de-weekend-satul-rotund-charlottenburg-judetul-timis_2718-230x124.jpg 230w, https:\/\/oco.ro\/wp-content\/uploads\/2020\/08\/large_ghiduri-destinatie-de-weekend-satul-rotund-charlottenburg-judetul-timis_2718-350x188.jpg 350w, https:\/\/oco.ro\/wp-content\/uploads\/2020\/08\/large_ghiduri-destinatie-de-weekend-satul-rotund-charlottenburg-judetul-timis_2718-480x259.jpg 480w\" sizes=\"(max-width: 547px) 100vw, 547px\" \/><img loading=\"lazy\" decoding=\"async\" class=\"alignnone wp-image-1811 \" src=\"http:\/\/oco.ro\/wp-content\/uploads\/2020\/08\/61533163.jpg\" alt=\"\" width=\"440\" height=\"293\" srcset=\"https:\/\/oco.ro\/wp-content\/uploads\/2020\/08\/61533163.jpg 680w, https:\/\/oco.ro\/wp-content\/uploads\/2020\/08\/61533163-300x200.jpg 300w, https:\/\/oco.ro\/wp-content\/uploads\/2020\/08\/61533163-230x153.jpg 230w, https:\/\/oco.ro\/wp-content\/uploads\/2020\/08\/61533163-350x233.jpg 350w, https:\/\/oco.ro\/wp-content\/uploads\/2020\/08\/61533163-480x320.jpg 480w, https:\/\/oco.ro\/wp-content\/uploads\/2020\/08\/61533163-272x182.jpg 272w\" sizes=\"(max-width: 440px) 100vw, 440px\" \/><\/p>\n","protected":false},"excerpt":{"rendered":"<p>In locul unde Carpa\u021bii Occidentali \u00eent\u00e2lnesc C\u00e2mpia de Vest, \u00een apropiere de Timi\u0219oara se afl\u0103 Dealurile Lipovei, aceast\u0103 unitate de relief fac\u00e2nd practic tranzi\u021bia de la munte la zona de c\u00e2mpie, De\u0219i nu se remarc\u0103 prin altitudini mari, maximul fiind undeva \u00een jur de 300m are un avantaj enorm \u0219i anume c\u0103 se afl\u0103 la [&hellip;]<\/p>\n","protected":false},"author":1,"featured_media":0,"parent":161,"menu_order":0,"comment_status":"closed","ping_status":"closed","template":"","meta":{"footnotes":""},"class_list":["post-1807","page","type-page","status-publish","hentry"],"_links":{"self":[{"href":"https:\/\/oco.ro\/index.php?rest_route=\/wp\/v2\/pages\/1807"}],"collection":[{"href":"https:\/\/oco.ro\/index.php?rest_route=\/wp\/v2\/pages"}],"about":[{"href":"https:\/\/oco.ro\/index.php?rest_route=\/wp\/v2\/types\/page"}],"author":[{"embeddable":true,"href":"https:\/\/oco.ro\/index.php?rest_route=\/wp\/v2\/users\/1"}],"replies":[{"embeddable":true,"href":"https:\/\/oco.ro\/index.php?rest_route=%2Fwp%2Fv2%2Fcomments&post=1807"}],"version-history":[{"count":5,"href":"https:\/\/oco.ro\/index.php?rest_route=\/wp\/v2\/pages\/1807\/revisions"}],"predecessor-version":[{"id":1829,"href":"https:\/\/oco.ro\/index.php?rest_route=\/wp\/v2\/pages\/1807\/revisions\/1829"}],"up":[{"embeddable":true,"href":"https:\/\/oco.ro\/index.php?rest_route=\/wp\/v2\/pages\/161"}],"wp:attachment":[{"href":"https:\/\/oco.ro\/index.php?rest_route=%2Fwp%2Fv2%2Fmedia&parent=1807"}],"curies":[{"name":"wp","href":"https:\/\/api.w.org\/{rel}","templated":true}]}}