{"id":1830,"date":"2020-08-20T11:28:35","date_gmt":"2020-08-20T11:28:35","guid":{"rendered":"http:\/\/oco.ro\/?page_id=1830"},"modified":"2020-10-13T08:10:35","modified_gmt":"2020-10-13T08:10:35","slug":"dealurile-silagiului-si-lunca-timisului","status":"publish","type":"page","link":"https:\/\/oco.ro\/?page_id=1830","title":{"rendered":"Dealurile Silagiului \u0219i Lunca Timi\u0219ului"},"content":{"rendered":"<p>Lunca Timi\u0219ului, \u00een mod special sectorul cuprins \u00eentre Hitia\u0219 si \u0218ag este prima op\u021biune \u00een materie de Mountain bike atunci c\u00e2nd dorim s\u0103 evad\u0103m din Timi\u0219oara. Zona este practic accesibil\u0103 direct f\u0103r\u0103 a fi nevoie de transportul bicicletelor lucru care reprezint\u0103 un mare avantaj. De\u0219i nu se bucur\u0103 de prezen\u021ba dealurilor, fiind practic zon\u0103 de c\u00e2mpie datorit\u0103 nisipului adus de Timi\u0219 nu avem probleme cu noroiul astfel \u00eenc\u00e2t putem sa biciclim inclusiv \u00een lunile de iarn\u0103.\u00a0\u00a0Cu toate acestea prim\u0103vara este anotimpul cel mai frumos \u00een lunca Timi\u0219ului pentru c\u0103 ne putem bucura de diversitatea florilor din zon\u0103.<\/p>\n<p>Zona cunoscut\u0103 sub denumirea Dealurile Silagiului se afl\u0103 practic situat\u0103 \u00een patrulaterul Buzia &#8211; Lugoj &#8211; Soceni\/Bocsa &#8211; Berzovia. Numele vine de la localitatea Silagiu situat\u0103 la 6km vest de sta\u021biunea Buzia\u0219, localitate cunoscut\u0103 \u00eendeosebi pentru podgoriile sale. Acoperit\u0103 \u00een mare parte de p\u0103duri de stejar \u0219i f\u0103r\u0103 diferen\u021be mari de nivel, cu o re\u021bea de drumuri bine dezvoltat\u0103 Dealurile Silagiului sunt un teritoriu care a\u0219teapta s\u0103 fie descoperit. Una din atrac\u021biile mari de aici este Lunca Pog\u0103ni\u0219ului (Pog\u0103ni\u0219ul este\u00a0 unul din pu\u021bile r\u00e2uri de la noi din \u021bar\u0103 care \u00ee\u0219i are izvorul \u00een zona de deal) zon\u0103 care ad\u0103poste\u0219te o floare rar\u0103, laleaua pestri\u021b\u0103.\u00a0Pentru detalii suplimentare \u0219i organizarea turelor ne puteti <a href=\"http:\/\/oco.ro\/index.php\/contact\/\">contacta<\/a>.<br \/>\n<img fetchpriority=\"high\" decoding=\"async\" class=\"alignnone wp-image-1831 size-large\" src=\"http:\/\/oco.ro\/wp-content\/uploads\/2020\/08\/DSC0722-1024x683.jpg\" alt=\"\" width=\"1024\" height=\"683\" srcset=\"https:\/\/oco.ro\/wp-content\/uploads\/2020\/08\/DSC0722-1024x683.jpg 1024w, https:\/\/oco.ro\/wp-content\/uploads\/2020\/08\/DSC0722-300x200.jpg 300w, https:\/\/oco.ro\/wp-content\/uploads\/2020\/08\/DSC0722-768x512.jpg 768w, https:\/\/oco.ro\/wp-content\/uploads\/2020\/08\/DSC0722-830x553.jpg 830w, https:\/\/oco.ro\/wp-content\/uploads\/2020\/08\/DSC0722-230x153.jpg 230w, https:\/\/oco.ro\/wp-content\/uploads\/2020\/08\/DSC0722-350x233.jpg 350w, https:\/\/oco.ro\/wp-content\/uploads\/2020\/08\/DSC0722-480x320.jpg 480w, https:\/\/oco.ro\/wp-content\/uploads\/2020\/08\/DSC0722-272x182.jpg 272w, https:\/\/oco.ro\/wp-content\/uploads\/2020\/08\/DSC0722.jpg 1332w\" sizes=\"(max-width: 1024px) 100vw, 1024px\" \/><\/p>\n<p><img decoding=\"async\" class=\"alignnone wp-image-1832 size-large\" src=\"http:\/\/oco.ro\/wp-content\/uploads\/2020\/08\/DSC0732-1024x683.jpg\" alt=\"\" width=\"1024\" height=\"683\" srcset=\"https:\/\/oco.ro\/wp-content\/uploads\/2020\/08\/DSC0732-1024x683.jpg 1024w, https:\/\/oco.ro\/wp-content\/uploads\/2020\/08\/DSC0732-300x200.jpg 300w, https:\/\/oco.ro\/wp-content\/uploads\/2020\/08\/DSC0732-768x512.jpg 768w, https:\/\/oco.ro\/wp-content\/uploads\/2020\/08\/DSC0732-830x553.jpg 830w, https:\/\/oco.ro\/wp-content\/uploads\/2020\/08\/DSC0732-230x153.jpg 230w, https:\/\/oco.ro\/wp-content\/uploads\/2020\/08\/DSC0732-350x233.jpg 350w, https:\/\/oco.ro\/wp-content\/uploads\/2020\/08\/DSC0732-480x320.jpg 480w, https:\/\/oco.ro\/wp-content\/uploads\/2020\/08\/DSC0732-272x182.jpg 272w, https:\/\/oco.ro\/wp-content\/uploads\/2020\/08\/DSC0732.jpg 1332w\" sizes=\"(max-width: 1024px) 100vw, 1024px\" \/><\/p>\n<p><img decoding=\"async\" class=\"alignnone wp-image-1833 size-large\" src=\"http:\/\/oco.ro\/wp-content\/uploads\/2020\/08\/DSC0749-1024x683.jpg\" alt=\"\" width=\"1024\" height=\"683\" srcset=\"https:\/\/oco.ro\/wp-content\/uploads\/2020\/08\/DSC0749-1024x683.jpg 1024w, https:\/\/oco.ro\/wp-content\/uploads\/2020\/08\/DSC0749-300x200.jpg 300w, https:\/\/oco.ro\/wp-content\/uploads\/2020\/08\/DSC0749-768x512.jpg 768w, https:\/\/oco.ro\/wp-content\/uploads\/2020\/08\/DSC0749-830x553.jpg 830w, https:\/\/oco.ro\/wp-content\/uploads\/2020\/08\/DSC0749-230x153.jpg 230w, https:\/\/oco.ro\/wp-content\/uploads\/2020\/08\/DSC0749-350x233.jpg 350w, https:\/\/oco.ro\/wp-content\/uploads\/2020\/08\/DSC0749-480x320.jpg 480w, https:\/\/oco.ro\/wp-content\/uploads\/2020\/08\/DSC0749-272x182.jpg 272w, https:\/\/oco.ro\/wp-content\/uploads\/2020\/08\/DSC0749.jpg 1332w\" sizes=\"(max-width: 1024px) 100vw, 1024px\" \/><\/p>\n<p><img loading=\"lazy\" decoding=\"async\" class=\"alignnone wp-image-1834 size-large\" src=\"http:\/\/oco.ro\/wp-content\/uploads\/2020\/08\/DSC0770-1024x683.jpg\" alt=\"\" width=\"1024\" height=\"683\" srcset=\"https:\/\/oco.ro\/wp-content\/uploads\/2020\/08\/DSC0770-1024x683.jpg 1024w, https:\/\/oco.ro\/wp-content\/uploads\/2020\/08\/DSC0770-300x200.jpg 300w, https:\/\/oco.ro\/wp-content\/uploads\/2020\/08\/DSC0770-768x512.jpg 768w, https:\/\/oco.ro\/wp-content\/uploads\/2020\/08\/DSC0770-830x553.jpg 830w, https:\/\/oco.ro\/wp-content\/uploads\/2020\/08\/DSC0770-230x153.jpg 230w, https:\/\/oco.ro\/wp-content\/uploads\/2020\/08\/DSC0770-350x233.jpg 350w, https:\/\/oco.ro\/wp-content\/uploads\/2020\/08\/DSC0770-480x320.jpg 480w, https:\/\/oco.ro\/wp-content\/uploads\/2020\/08\/DSC0770-272x182.jpg 272w, https:\/\/oco.ro\/wp-content\/uploads\/2020\/08\/DSC0770.jpg 1332w\" sizes=\"(max-width: 1024px) 100vw, 1024px\" \/><\/p>\n<p><img loading=\"lazy\" decoding=\"async\" class=\"alignnone wp-image-1835 size-large\" src=\"http:\/\/oco.ro\/wp-content\/uploads\/2020\/08\/DSC0771-1024x683.jpg\" alt=\"\" width=\"1024\" height=\"683\" srcset=\"https:\/\/oco.ro\/wp-content\/uploads\/2020\/08\/DSC0771-1024x683.jpg 1024w, https:\/\/oco.ro\/wp-content\/uploads\/2020\/08\/DSC0771-300x200.jpg 300w, https:\/\/oco.ro\/wp-content\/uploads\/2020\/08\/DSC0771-768x512.jpg 768w, https:\/\/oco.ro\/wp-content\/uploads\/2020\/08\/DSC0771-830x553.jpg 830w, https:\/\/oco.ro\/wp-content\/uploads\/2020\/08\/DSC0771-230x153.jpg 230w, https:\/\/oco.ro\/wp-content\/uploads\/2020\/08\/DSC0771-350x233.jpg 350w, https:\/\/oco.ro\/wp-content\/uploads\/2020\/08\/DSC0771-480x320.jpg 480w, https:\/\/oco.ro\/wp-content\/uploads\/2020\/08\/DSC0771-272x182.jpg 272w, https:\/\/oco.ro\/wp-content\/uploads\/2020\/08\/DSC0771.jpg 1332w\" sizes=\"(max-width: 1024px) 100vw, 1024px\" \/><\/p>\n<p><img loading=\"lazy\" decoding=\"async\" class=\"alignnone wp-image-1836 size-large\" src=\"http:\/\/oco.ro\/wp-content\/uploads\/2020\/08\/DSC_1392-1024x576.jpg\" alt=\"\" width=\"1024\" height=\"576\" srcset=\"https:\/\/oco.ro\/wp-content\/uploads\/2020\/08\/DSC_1392-1024x576.jpg 1024w, https:\/\/oco.ro\/wp-content\/uploads\/2020\/08\/DSC_1392-300x169.jpg 300w, https:\/\/oco.ro\/wp-content\/uploads\/2020\/08\/DSC_1392-768x432.jpg 768w, https:\/\/oco.ro\/wp-content\/uploads\/2020\/08\/DSC_1392-830x467.jpg 830w, https:\/\/oco.ro\/wp-content\/uploads\/2020\/08\/DSC_1392-230x129.jpg 230w, https:\/\/oco.ro\/wp-content\/uploads\/2020\/08\/DSC_1392-350x197.jpg 350w, https:\/\/oco.ro\/wp-content\/uploads\/2020\/08\/DSC_1392-480x270.jpg 480w, https:\/\/oco.ro\/wp-content\/uploads\/2020\/08\/DSC_1392.jpg 1560w\" sizes=\"(max-width: 1024px) 100vw, 1024px\" \/><\/p>\n<p><img loading=\"lazy\" decoding=\"async\" class=\"alignnone wp-image-1837 size-large\" src=\"http:\/\/oco.ro\/wp-content\/uploads\/2020\/08\/IMG_20181104_120419-1024x575.jpg\" alt=\"\" width=\"1024\" height=\"575\" srcset=\"https:\/\/oco.ro\/wp-content\/uploads\/2020\/08\/IMG_20181104_120419-1024x575.jpg 1024w, https:\/\/oco.ro\/wp-content\/uploads\/2020\/08\/IMG_20181104_120419-300x168.jpg 300w, https:\/\/oco.ro\/wp-content\/uploads\/2020\/08\/IMG_20181104_120419-768x431.jpg 768w, https:\/\/oco.ro\/wp-content\/uploads\/2020\/08\/IMG_20181104_120419-830x466.jpg 830w, https:\/\/oco.ro\/wp-content\/uploads\/2020\/08\/IMG_20181104_120419-230x129.jpg 230w, https:\/\/oco.ro\/wp-content\/uploads\/2020\/08\/IMG_20181104_120419-350x197.jpg 350w, https:\/\/oco.ro\/wp-content\/uploads\/2020\/08\/IMG_20181104_120419-480x270.jpg 480w, https:\/\/oco.ro\/wp-content\/uploads\/2020\/08\/IMG_20181104_120419.jpg 1560w\" sizes=\"(max-width: 1024px) 100vw, 1024px\" \/><\/p>\n<p><img loading=\"lazy\" decoding=\"async\" class=\"alignnone wp-image-1838 size-large\" src=\"http:\/\/oco.ro\/wp-content\/uploads\/2020\/08\/IMG_20200426_154531-1024x768.jpg\" alt=\"\" width=\"1024\" height=\"768\" srcset=\"https:\/\/oco.ro\/wp-content\/uploads\/2020\/08\/IMG_20200426_154531-1024x768.jpg 1024w, https:\/\/oco.ro\/wp-content\/uploads\/2020\/08\/IMG_20200426_154531-300x225.jpg 300w, https:\/\/oco.ro\/wp-content\/uploads\/2020\/08\/IMG_20200426_154531-768x576.jpg 768w, https:\/\/oco.ro\/wp-content\/uploads\/2020\/08\/IMG_20200426_154531-830x623.jpg 830w, https:\/\/oco.ro\/wp-content\/uploads\/2020\/08\/IMG_20200426_154531-230x173.jpg 230w, https:\/\/oco.ro\/wp-content\/uploads\/2020\/08\/IMG_20200426_154531-350x263.jpg 350w, https:\/\/oco.ro\/wp-content\/uploads\/2020\/08\/IMG_20200426_154531-480x360.jpg 480w, https:\/\/oco.ro\/wp-content\/uploads\/2020\/08\/IMG_20200426_154531.jpg 1184w\" sizes=\"(max-width: 1024px) 100vw, 1024px\" \/><\/p>\n<p><img loading=\"lazy\" decoding=\"async\" class=\"alignnone wp-image-1846 size-large\" src=\"http:\/\/oco.ro\/wp-content\/uploads\/2020\/08\/DSC9098-1024x683.jpg\" alt=\"\" width=\"1024\" height=\"683\" srcset=\"https:\/\/oco.ro\/wp-content\/uploads\/2020\/08\/DSC9098-1024x683.jpg 1024w, https:\/\/oco.ro\/wp-content\/uploads\/2020\/08\/DSC9098-300x200.jpg 300w, https:\/\/oco.ro\/wp-content\/uploads\/2020\/08\/DSC9098-768x512.jpg 768w, https:\/\/oco.ro\/wp-content\/uploads\/2020\/08\/DSC9098-830x553.jpg 830w, https:\/\/oco.ro\/wp-content\/uploads\/2020\/08\/DSC9098-230x153.jpg 230w, https:\/\/oco.ro\/wp-content\/uploads\/2020\/08\/DSC9098-350x233.jpg 350w, https:\/\/oco.ro\/wp-content\/uploads\/2020\/08\/DSC9098-480x320.jpg 480w, https:\/\/oco.ro\/wp-content\/uploads\/2020\/08\/DSC9098-272x182.jpg 272w, https:\/\/oco.ro\/wp-content\/uploads\/2020\/08\/DSC9098.jpg 1332w\" sizes=\"(max-width: 1024px) 100vw, 1024px\" \/><\/p>\n<p><img loading=\"lazy\" decoding=\"async\" class=\"alignnone wp-image-1839 size-large\" src=\"http:\/\/oco.ro\/wp-content\/uploads\/2020\/08\/IMG_20200503_113014-1024x768.jpg\" alt=\"\" width=\"1024\" height=\"768\" srcset=\"https:\/\/oco.ro\/wp-content\/uploads\/2020\/08\/IMG_20200503_113014-1024x768.jpg 1024w, https:\/\/oco.ro\/wp-content\/uploads\/2020\/08\/IMG_20200503_113014-300x225.jpg 300w, https:\/\/oco.ro\/wp-content\/uploads\/2020\/08\/IMG_20200503_113014-768x576.jpg 768w, https:\/\/oco.ro\/wp-content\/uploads\/2020\/08\/IMG_20200503_113014-830x623.jpg 830w, https:\/\/oco.ro\/wp-content\/uploads\/2020\/08\/IMG_20200503_113014-230x173.jpg 230w, https:\/\/oco.ro\/wp-content\/uploads\/2020\/08\/IMG_20200503_113014-350x263.jpg 350w, https:\/\/oco.ro\/wp-content\/uploads\/2020\/08\/IMG_20200503_113014-480x360.jpg 480w, https:\/\/oco.ro\/wp-content\/uploads\/2020\/08\/IMG_20200503_113014.jpg 1184w\" sizes=\"(max-width: 1024px) 100vw, 1024px\" \/><\/p>\n<p><img loading=\"lazy\" decoding=\"async\" class=\"alignnone wp-image-1840 size-large\" src=\"http:\/\/oco.ro\/wp-content\/uploads\/2020\/08\/IMG_20200503_123717-1024x768.jpg\" alt=\"\" width=\"1024\" height=\"768\" srcset=\"https:\/\/oco.ro\/wp-content\/uploads\/2020\/08\/IMG_20200503_123717-1024x768.jpg 1024w, https:\/\/oco.ro\/wp-content\/uploads\/2020\/08\/IMG_20200503_123717-300x225.jpg 300w, https:\/\/oco.ro\/wp-content\/uploads\/2020\/08\/IMG_20200503_123717-768x576.jpg 768w, https:\/\/oco.ro\/wp-content\/uploads\/2020\/08\/IMG_20200503_123717-830x623.jpg 830w, https:\/\/oco.ro\/wp-content\/uploads\/2020\/08\/IMG_20200503_123717-230x173.jpg 230w, https:\/\/oco.ro\/wp-content\/uploads\/2020\/08\/IMG_20200503_123717-350x263.jpg 350w, https:\/\/oco.ro\/wp-content\/uploads\/2020\/08\/IMG_20200503_123717-480x360.jpg 480w, https:\/\/oco.ro\/wp-content\/uploads\/2020\/08\/IMG_20200503_123717.jpg 1184w\" sizes=\"(max-width: 1024px) 100vw, 1024px\" \/><\/p>\n<p><img loading=\"lazy\" decoding=\"async\" class=\"alignnone wp-image-1841 size-full\" src=\"http:\/\/oco.ro\/wp-content\/uploads\/2020\/08\/IMG_20200509_163521.jpg\" alt=\"\" width=\"666\" height=\"888\" srcset=\"https:\/\/oco.ro\/wp-content\/uploads\/2020\/08\/IMG_20200509_163521.jpg 666w, https:\/\/oco.ro\/wp-content\/uploads\/2020\/08\/IMG_20200509_163521-225x300.jpg 225w, https:\/\/oco.ro\/wp-content\/uploads\/2020\/08\/IMG_20200509_163521-230x307.jpg 230w, https:\/\/oco.ro\/wp-content\/uploads\/2020\/08\/IMG_20200509_163521-350x467.jpg 350w, https:\/\/oco.ro\/wp-content\/uploads\/2020\/08\/IMG_20200509_163521-480x640.jpg 480w\" sizes=\"(max-width: 666px) 100vw, 666px\" \/><\/p>\n","protected":false},"excerpt":{"rendered":"<p>Lunca Timi\u0219ului, \u00een mod special sectorul cuprins \u00eentre Hitia\u0219 si \u0218ag este prima op\u021biune \u00een materie de Mountain bike atunci c\u00e2nd dorim s\u0103 evad\u0103m din Timi\u0219oara. Zona este practic accesibil\u0103 direct f\u0103r\u0103 a fi nevoie de transportul bicicletelor lucru care reprezint\u0103 un mare avantaj. De\u0219i nu se bucur\u0103 de prezen\u021ba dealurilor, fiind practic zon\u0103 de [&hellip;]<\/p>\n","protected":false},"author":1,"featured_media":0,"parent":161,"menu_order":0,"comment_status":"closed","ping_status":"closed","template":"","meta":{"footnotes":""},"class_list":["post-1830","page","type-page","status-publish","hentry"],"_links":{"self":[{"href":"https:\/\/oco.ro\/index.php?rest_route=\/wp\/v2\/pages\/1830"}],"collection":[{"href":"https:\/\/oco.ro\/index.php?rest_route=\/wp\/v2\/pages"}],"about":[{"href":"https:\/\/oco.ro\/index.php?rest_route=\/wp\/v2\/types\/page"}],"author":[{"embeddable":true,"href":"https:\/\/oco.ro\/index.php?rest_route=\/wp\/v2\/users\/1"}],"replies":[{"embeddable":true,"href":"https:\/\/oco.ro\/index.php?rest_route=%2Fwp%2Fv2%2Fcomments&post=1830"}],"version-history":[{"count":7,"href":"https:\/\/oco.ro\/index.php?rest_route=\/wp\/v2\/pages\/1830\/revisions"}],"predecessor-version":[{"id":1933,"href":"https:\/\/oco.ro\/index.php?rest_route=\/wp\/v2\/pages\/1830\/revisions\/1933"}],"up":[{"embeddable":true,"href":"https:\/\/oco.ro\/index.php?rest_route=\/wp\/v2\/pages\/161"}],"wp:attachment":[{"href":"https:\/\/oco.ro\/index.php?rest_route=%2Fwp%2Fv2%2Fmedia&parent=1830"}],"curies":[{"name":"wp","href":"https:\/\/api.w.org\/{rel}","templated":true}]}}