{"id":2760,"date":"2023-03-31T11:52:07","date_gmt":"2023-03-31T11:52:07","guid":{"rendered":"https:\/\/oco.ro\/?page_id=2760"},"modified":"2025-01-08T10:17:47","modified_gmt":"2025-01-08T08:17:47","slug":"tourss","status":"publish","type":"page","link":"https:\/\/oco.ro\/?page_id=2760","title":{"rendered":"Tours"},"content":{"rendered":"\n<div  class=\"tribe-compatibility-container\" >\n\t<div\n\t\t class=\"tribe-common tribe-events tribe-events-view tribe-events-view--widget-events-list tribe-events-widget\" \t\tdata-js=\"tribe-events-view\"\n\t\tdata-view-rest-url=\"https:\/\/oco.ro\/index.php?rest_route=\/tribe\/views\/v2\/html\"\n\t\tdata-view-manage-url=\"1\"\n\t\t\t\t\t\t\tdata-view-breakpoint-pointer=\"1bd15ef6-6b18-4cae-b36d-5aff36aa2a6b\"\n\t\t\t>\n\t\t<div class=\"tribe-events-widget-events-list\">\n\n\t\t\t<script type=\"application\/ld+json\">\r\n[{\"@context\":\"http:\/\/schema.org\",\"@type\":\"Event\",\"name\":\"Piatra Mare Clo\\u0219ani, Crovurile si Platoul Mehedin\\u021bi\",\"description\":\"&lt;p&gt;V\\u0103 invit\\u0103m s\\u0103 petrece\\u021bi 3 zile in Muntii Mehedin\\u021bi la inceput de prim\\u0103var\\u0103. Programul ar fi urmatorul 1.Mai- V\\u00e2rful lui Stan si Poiana Beletina, Crovul Mare. 2.Mai - Piatra Mare Clo\\u0219ani - un loc emblematic pentru mun\\u021bii Mehedin\\u021bi plin de flori si cu priveli\\u0219ti inedite asupra v\\u0103ii Cernei 3.Mai - Podul lui Dumnezeu, Padurea de [&hellip;]&lt;\/p&gt;\\\\n\",\"url\":\"https:\/\/oco.ro\/?tribe_events=piatra-mare-closani-crovurile-si-platoul-mehedinti\",\"eventAttendanceMode\":\"https:\/\/schema.org\/OfflineEventAttendanceMode\",\"eventStatus\":\"https:\/\/schema.org\/EventScheduled\",\"startDate\":\"2026-05-01T08:00:00+03:00\",\"endDate\":\"2026-05-03T17:00:00+03:00\",\"offers\":{\"@type\":\"Offer\",\"price\":\"400\",\"priceCurrency\":\"RON\",\"url\":\"https:\/\/oco.ro\/?tribe_events=piatra-mare-closani-crovurile-si-platoul-mehedinti\",\"category\":\"primary\",\"availability\":\"inStock\",\"validFrom\":\"2026-03-29T00:00:00+00:00\"},\"performer\":\"Organization\"},{\"@context\":\"http:\/\/schema.org\",\"@type\":\"Event\",\"name\":\"Traversare Mun\\u021bilor banatului pe biciclet\\u0103\",\"description\":\"&lt;p&gt;\\u00a0 \\u00a0 \\u00a0 \\u00a0 \\u00a0 \\u00a0 In anul 2015 am \\u00eencercat pentru prima dat\\u0103 traversarea Carpa\\u021bilor Occidentali cu plecare de la Huedin pana la Dun\\u0103re. O aventur\\u0103 foarte frumoas\\u0103 \\u00eens\\u0103 solicitant\\u0103 care ne-a costat pe atunci 4 zile lungi, foarte lungi. De atunci am repetat tura \\u00eens\\u0103 doar pe segmentul Huedin (Cluj) - Margina (Timi\\u0219) [&hellip;]&lt;\/p&gt;\\\\n\",\"url\":\"https:\/\/oco.ro\/?tribe_events=traversare-muntilor-banatului-pe-bicicleta\",\"eventAttendanceMode\":\"https:\/\/schema.org\/OfflineEventAttendanceMode\",\"eventStatus\":\"https:\/\/schema.org\/EventScheduled\",\"startDate\":\"2026-05-08T00:00:00+03:00\",\"endDate\":\"2026-05-10T23:59:59+03:00\",\"performer\":\"Organization\"},{\"@context\":\"http:\/\/schema.org\",\"@type\":\"Event\",\"name\":\"Clisura Dun\\u0103rii, malul s\\u00e2rbesc si cel rom\\u00e2nesc\",\"description\":\"&lt;p&gt;Clisura Dun\\u0103rii este un defileu lung de aproape 100Km care se \\u00eentinde de la Or\\u0219ova pana la Moldova Nou\\u0103. In unele locuri (Zona Dubova) distan\\u021ba dintre cele 2 maluri ale Dun\\u0103rii este foarte mic\\u0103 rezultand astfel un peisaj deosebit care este casa unor specii de plante si animale endemice (laleaua galben\\u0103, testoasa de Banat). Datorit\\u0103 [&hellip;]&lt;\/p&gt;\\\\n\",\"url\":\"https:\/\/oco.ro\/?tribe_events=clisura-dunarii-malul-sarbesc-si-cel-romanesc\",\"eventAttendanceMode\":\"https:\/\/schema.org\/OfflineEventAttendanceMode\",\"eventStatus\":\"https:\/\/schema.org\/EventScheduled\",\"startDate\":\"2026-05-22T08:00:00+03:00\",\"endDate\":\"2026-05-24T17:00:00+03:00\",\"offers\":{\"@type\":\"Offer\",\"price\":\"300\",\"priceCurrency\":\"RON\",\"url\":\"https:\/\/oco.ro\/?tribe_events=clisura-dunarii-malul-sarbesc-si-cel-romanesc\",\"category\":\"primary\",\"availability\":\"inStock\",\"validFrom\":\"2026-03-29T00:00:00+00:00\"},\"performer\":\"Organization\"},{\"@context\":\"http:\/\/schema.org\",\"@type\":\"Event\",\"name\":\"Cheile Bicazului si V\\u00e2rful Toaca din Ceahl\\u0103u\",\"description\":\"&lt;p&gt;In aceast\\u0103 excursie vom explora 2 zone emblematice din Carpa\\u021bii Orientali: Mun\\u021bii Hasmas mai exact zona Cheilor Bicazului si Mun\\u021bii Ceahl\\u0103u cu al s\\u0103u Vf Toaca. Vom pleca din Timi\\u0219oara joi dupa-amiaz\\u0103 pentru a ajunge la cazare in zona lacului Rosu. De aici \\u00een func\\u021bie de vreme vom face urmatoarele trasee Vineri: Cheile Bicazului - [&hellip;]&lt;\/p&gt;\\\\n\",\"url\":\"https:\/\/oco.ro\/?tribe_events=cheile-bicazului-si-ceahlau\",\"eventAttendanceMode\":\"https:\/\/schema.org\/OfflineEventAttendanceMode\",\"eventStatus\":\"https:\/\/schema.org\/EventScheduled\",\"startDate\":\"2026-06-11T08:00:00+03:00\",\"endDate\":\"2026-06-14T17:00:00+03:00\",\"offers\":{\"@type\":\"Offer\",\"price\":\"450\",\"priceCurrency\":\"RON\",\"url\":\"https:\/\/oco.ro\/?tribe_events=cheile-bicazului-si-ceahlau\",\"category\":\"primary\",\"availability\":\"inStock\",\"validFrom\":\"2026-03-31T00:00:00+00:00\"},\"performer\":\"Organization\"},{\"@context\":\"http:\/\/schema.org\",\"@type\":\"Event\",\"name\":\"Kirghistan: Heights of Alay Valley Trek\",\"description\":\"&lt;p&gt;Vom explora ce e mai bun din Mun\\u021bii Alay-Pamir \\u00een acest tur. Vom descoperi una dintre cele mai uimitoare regiuni montane din lume, \\u00eenc\\u0103 necunoscut\\u0103... deocamdat\\u0103. Acest tur se desfasoara \\u00een afara traseelor \\u200b\\u200bturistice combin\\u0103 unele dintre cele mai frumoase peisaje, drume\\u021bii \\u0219i experien\\u021be culturale nomade din tot K\\u00e2rg\\u00e2zstanul, inclusiv: Vederi montane incredibile la trec\\u0103torile [&hellip;]&lt;\/p&gt;\\\\n\",\"url\":\"https:\/\/oco.ro\/?tribe_events=kirghistan-heights-of-alay-valley-trek\",\"eventAttendanceMode\":\"https:\/\/schema.org\/OfflineEventAttendanceMode\",\"eventStatus\":\"https:\/\/schema.org\/EventScheduled\",\"startDate\":\"2026-07-18T08:00:00+03:00\",\"endDate\":\"2026-07-27T17:00:00+03:00\",\"offers\":{\"@type\":\"Offer\",\"price\":\"1300\",\"priceCurrency\":\"USD\",\"url\":\"https:\/\/oco.ro\/?tribe_events=kirghistan-heights-of-alay-valley-trek\",\"category\":\"primary\",\"availability\":\"inStock\",\"validFrom\":\"2026-03-31T00:00:00+00:00\"},\"performer\":\"Organization\"}]\r\n<\/script>\n\t\t\t<script data-js=\"tribe-events-view-data\" type=\"application\/json\">\n\t{\"slug\":\"widget-events-list\",\"prev_url\":\"\",\"next_url\":\"https:\\\/\\\/oco.ro\\\/?post_type=tribe_events&eventDisplay=widget-events-list&page=2\",\"view_class\":\"Tribe\\\\Events\\\\Views\\\\V2\\\\Views\\\\Widgets\\\\Widget_List_View\",\"view_slug\":\"widget-events-list\",\"view_label\":\"View\",\"view\":null,\"should_manage_url\":true,\"id\":null,\"alias-slugs\":null,\"title\":\"Events from April 5 \\u2013 July 18 \\u2013 Oco Bike&Hike\",\"limit\":\"5\",\"no_upcoming_events\":false,\"featured_events_only\":false,\"jsonld_enable\":true,\"tribe_is_list_widget\":false,\"admin_fields\":{\"title\":{\"label\":\"Title:\",\"type\":\"text\",\"classes\":\"\",\"dependency\":\"\",\"id\":\"widget-tribe-widget-events-list--1-title\",\"name\":\"widget-tribe-widget-events-list[-1][title]\",\"options\":[],\"placeholder\":\"\",\"value\":null},\"limit\":{\"label\":\"Show:\",\"type\":\"number\",\"default\":5,\"min\":1,\"max\":10,\"step\":1,\"classes\":\"\",\"dependency\":\"\",\"id\":\"widget-tribe-widget-events-list--1-limit\",\"name\":\"widget-tribe-widget-events-list[-1][limit]\",\"options\":[],\"placeholder\":\"\",\"value\":null},\"no_upcoming_events\":{\"label\":\"Hide this widget if there are no upcoming events.\",\"type\":\"checkbox\",\"classes\":\"\",\"dependency\":\"\",\"id\":\"widget-tribe-widget-events-list--1-no_upcoming_events\",\"name\":\"widget-tribe-widget-events-list[-1][no_upcoming_events]\",\"options\":[],\"placeholder\":\"\",\"value\":null},\"featured_events_only\":{\"label\":\"Limit to featured events only\",\"type\":\"checkbox\",\"classes\":\"\",\"dependency\":\"\",\"id\":\"widget-tribe-widget-events-list--1-featured_events_only\",\"name\":\"widget-tribe-widget-events-list[-1][featured_events_only]\",\"options\":[],\"placeholder\":\"\",\"value\":null},\"jsonld_enable\":{\"label\":\"Generate JSON-LD data\",\"type\":\"checkbox\",\"classes\":\"\",\"dependency\":\"\",\"id\":\"widget-tribe-widget-events-list--1-jsonld_enable\",\"name\":\"widget-tribe-widget-events-list[-1][jsonld_enable]\",\"options\":[],\"placeholder\":\"\",\"value\":null}},\"events\":[3497,3176,3502,3508,3514],\"url\":\"https:\\\/\\\/oco.ro\\\/?post_type=tribe_events&eventDisplay=widget-events-list\",\"url_event_date\":false,\"bar\":{\"keyword\":\"\",\"date\":\"\"},\"today\":\"2026-04-05 00:00:00\",\"now\":\"2026-04-05 15:49:29\",\"rest_url\":\"https:\\\/\\\/oco.ro\\\/index.php?rest_route=\\\/tribe\\\/views\\\/v2\\\/html\",\"rest_method\":\"POST\",\"rest_nonce\":\"\",\"today_url\":\"https:\\\/\\\/oco.ro\\\/?post_type=tribe_events&eventDisplay=widget-events-list&rest_route=%2Fwp%2Fv2%2Fpages%2F2760\",\"today_title\":\"Click to select today's date\",\"today_label\":\"Today\",\"prev_label\":\"\",\"next_label\":\"\",\"date_formats\":{\"compact\":\"n\\\/j\\\/Y\",\"month_and_year_compact\":\"n\\\/j\\\/Y\",\"month_and_year\":\"F Y\",\"time_range_separator\":\" - \",\"date_time_separator\":\" @ \"},\"messages\":[],\"start_of_week\":\"1\",\"header_title\":\"\",\"header_title_element\":\"h1\",\"content_title\":\"\",\"breadcrumbs\":[],\"before_events\":\"\",\"after_events\":\"\\n<!--\\nThis calendar is powered by The Events Calendar.\\nhttp:\\\/\\\/evnt.is\\\/18wn\\n-->\\n\",\"display_events_bar\":false,\"disable_event_search\":false,\"live_refresh\":true,\"ical\":{\"display_link\":true,\"link\":{\"url\":\"https:\\\/\\\/oco.ro\\\/?post_type=tribe_events&#038;eventDisplay=widget-events-list&#038;ical=1\",\"text\":\"Export Events\",\"title\":\"Use this to share calendar data with Google Calendar, Apple iCal and other compatible apps\"}},\"container_classes\":[\"tribe-common\",\"tribe-events\",\"tribe-events-view\",\"tribe-events-view--widget-events-list\",\"tribe-events-widget\"],\"container_data\":[],\"is_past\":false,\"breakpoints\":{\"xsmall\":500,\"medium\":768,\"full\":960},\"breakpoint_pointer\":\"1bd15ef6-6b18-4cae-b36d-5aff36aa2a6b\",\"is_initial_load\":false,\"public_views\":{\"list\":{\"view_class\":\"Tribe\\\\Events\\\\Views\\\\V2\\\\Views\\\\List_View\",\"view_url\":\"https:\\\/\\\/oco.ro\\\/?post_type=tribe_events&eventDisplay=list\",\"view_label\":\"List\"},\"month\":{\"view_class\":\"Tribe\\\\Events\\\\Views\\\\V2\\\\Views\\\\Month_View\",\"view_url\":\"https:\\\/\\\/oco.ro\\\/?post_type=tribe_events&eventDisplay=month\",\"view_label\":\"Month\"},\"day\":{\"view_class\":\"Tribe\\\\Events\\\\Views\\\\V2\\\\Views\\\\Day_View\",\"view_url\":\"https:\\\/\\\/oco.ro\\\/?post_type=tribe_events&eventDisplay=day\",\"view_label\":\"Day\"}},\"show_latest_past\":false,\"compatibility_classes\":[\"tribe-compatibility-container\"],\"view_more_text\":\"View Calendar\",\"view_more_title\":\"View more events.\",\"view_more_link\":\"https:\\\/\\\/oco.ro\",\"widget_title\":\"Upcoming Events\",\"hide_if_no_upcoming_events\":false,\"display\":[],\"subscribe_links\":{\"gcal\":{\"label\":\"Google Calendar\",\"single_label\":\"Add to Google Calendar\",\"visible\":true,\"block_slug\":\"hasGoogleCalendar\"},\"ical\":{\"label\":\"iCalendar\",\"single_label\":\"Add to iCalendar\",\"visible\":true,\"block_slug\":\"hasiCal\"},\"outlook-365\":{\"label\":\"Outlook 365\",\"single_label\":\"Outlook 365\",\"visible\":true,\"block_slug\":\"hasOutlook365\"},\"outlook-live\":{\"label\":\"Outlook Live\",\"single_label\":\"Outlook Live\",\"visible\":true,\"block_slug\":\"hasOutlookLive\"},\"ics\":{\"label\":\"Export .ics file\",\"single_label\":\"Export .ics file\",\"visible\":true,\"block_slug\":null},\"outlook-ics\":{\"label\":\"Export Outlook .ics file\",\"single_label\":\"Export Outlook .ics file\",\"visible\":true,\"block_slug\":null}},\"_context\":{\"slug\":\"widget-events-list\"}}<\/script>\n\n\t\t\t\t\t\t\t<header class=\"tribe-events-widget-events-list__header\">\n\t\t\t\t\t<h2 class=\"tribe-events-widget-events-list__header-title tribe-common-h6 tribe-common-h--alt\">\n\t\t\t\t\t\tUpcoming Events\t\t\t\t\t<\/h2>\n\t\t\t\t<\/header>\n\t\t\t\n\t\t\t\n\t\t\t\t<div class=\"tribe-events-widget-events-list__events\">\n\t\t\t\t\t\t\t\t\t\t\t<div  class=\"tribe-common-g-row tribe-events-widget-events-list__event-row\" >\n\n\t<div class=\"tribe-events-widget-events-list__event-date-tag tribe-common-g-col\">\n\t<time class=\"tribe-events-widget-events-list__event-date-tag-datetime\" datetime=\"2026-05-01\">\n\t\t<span class=\"tribe-events-widget-events-list__event-date-tag-month\">\n\t\t\tMay\t\t<\/span>\n\t\t<span class=\"tribe-events-widget-events-list__event-date-tag-daynum tribe-common-h2 tribe-common-h4--min-medium\">\n\t\t\t1\t\t<\/span>\n\t<\/time>\n<\/div>\n\n\t<div class=\"tribe-events-widget-events-list__event-wrapper tribe-common-g-col\">\n\t\t<article  class=\"tribe-events-widget-events-list__event post-3497 tribe_events type-tribe_events status-publish hentry\" >\n\t\t\t<div class=\"tribe-events-widget-events-list__event-details\">\n\n\t\t\t\t<header class=\"tribe-events-widget-events-list__event-header\">\n\t\t\t\t\t<div class=\"tribe-events-widget-events-list__event-datetime-wrapper tribe-common-b2 tribe-common-b3--min-medium\">\n\t\t<time class=\"tribe-events-widget-events-list__event-datetime\" datetime=\"2026-05-01\">\n\t\t<span class=\"tribe-event-date-start\">May 1 @ 8:00 am<\/span> &#8211; <span class=\"tribe-event-date-end\">May 3 @ 5:00 pm<\/span>\t<\/time>\n\t<\/div>\n\t\t\t\t\t<h3 class=\"tribe-events-widget-events-list__event-title tribe-common-h7\">\n\t<a\n\t\thref=\"https:\/\/oco.ro\/?tribe_events=piatra-mare-closani-crovurile-si-platoul-mehedinti\"\n\t\ttitle=\"Piatra Mare Clo\u0219ani, Crovurile si Platoul Mehedin\u021bi\"\n\t\trel=\"bookmark\"\n\t\tclass=\"tribe-events-widget-events-list__event-title-link tribe-common-anchor-thin\"\n\t>\n\t\tPiatra Mare Clo\u0219ani, Crovurile si Platoul Mehedin\u021bi\t<\/a>\n<\/h3>\n\t\t\t\t<\/header>\n\n\t\t\t\t\n\t\t\t<\/div>\n\t\t<\/article>\n\t<\/div>\n\n<\/div>\n\t\t\t\t\t\t\t\t\t\t\t<div  class=\"tribe-common-g-row tribe-events-widget-events-list__event-row\" >\n\n\t<div class=\"tribe-events-widget-events-list__event-date-tag tribe-common-g-col\">\n\t<time class=\"tribe-events-widget-events-list__event-date-tag-datetime\" datetime=\"2026-05-08\">\n\t\t<span class=\"tribe-events-widget-events-list__event-date-tag-month\">\n\t\t\tMay\t\t<\/span>\n\t\t<span class=\"tribe-events-widget-events-list__event-date-tag-daynum tribe-common-h2 tribe-common-h4--min-medium\">\n\t\t\t8\t\t<\/span>\n\t<\/time>\n<\/div>\n\n\t<div class=\"tribe-events-widget-events-list__event-wrapper tribe-common-g-col\">\n\t\t<article  class=\"tribe-events-widget-events-list__event post-3176 tribe_events type-tribe_events status-publish hentry\" >\n\t\t\t<div class=\"tribe-events-widget-events-list__event-details\">\n\n\t\t\t\t<header class=\"tribe-events-widget-events-list__event-header\">\n\t\t\t\t\t<div class=\"tribe-events-widget-events-list__event-datetime-wrapper tribe-common-b2 tribe-common-b3--min-medium\">\n\t\t<time class=\"tribe-events-widget-events-list__event-datetime\" datetime=\"2026-05-08\">\n\t\t<span class=\"tribe-event-date-start\">May 8<\/span> &#8211; <span class=\"tribe-event-date-end\">May 10<\/span>\t<\/time>\n\t<\/div>\n\t\t\t\t\t<h3 class=\"tribe-events-widget-events-list__event-title tribe-common-h7\">\n\t<a\n\t\thref=\"https:\/\/oco.ro\/?tribe_events=traversare-muntilor-banatului-pe-bicicleta\"\n\t\ttitle=\"Traversare Mun\u021bilor banatului pe biciclet\u0103\"\n\t\trel=\"bookmark\"\n\t\tclass=\"tribe-events-widget-events-list__event-title-link tribe-common-anchor-thin\"\n\t>\n\t\tTraversare Mun\u021bilor banatului pe biciclet\u0103\t<\/a>\n<\/h3>\n\t\t\t\t<\/header>\n\n\t\t\t\t\n\t\t\t<\/div>\n\t\t<\/article>\n\t<\/div>\n\n<\/div>\n\t\t\t\t\t\t\t\t\t\t\t<div  class=\"tribe-common-g-row tribe-events-widget-events-list__event-row\" >\n\n\t<div class=\"tribe-events-widget-events-list__event-date-tag tribe-common-g-col\">\n\t<time class=\"tribe-events-widget-events-list__event-date-tag-datetime\" datetime=\"2026-05-22\">\n\t\t<span class=\"tribe-events-widget-events-list__event-date-tag-month\">\n\t\t\tMay\t\t<\/span>\n\t\t<span class=\"tribe-events-widget-events-list__event-date-tag-daynum tribe-common-h2 tribe-common-h4--min-medium\">\n\t\t\t22\t\t<\/span>\n\t<\/time>\n<\/div>\n\n\t<div class=\"tribe-events-widget-events-list__event-wrapper tribe-common-g-col\">\n\t\t<article  class=\"tribe-events-widget-events-list__event post-3502 tribe_events type-tribe_events status-publish hentry\" >\n\t\t\t<div class=\"tribe-events-widget-events-list__event-details\">\n\n\t\t\t\t<header class=\"tribe-events-widget-events-list__event-header\">\n\t\t\t\t\t<div class=\"tribe-events-widget-events-list__event-datetime-wrapper tribe-common-b2 tribe-common-b3--min-medium\">\n\t\t<time class=\"tribe-events-widget-events-list__event-datetime\" datetime=\"2026-05-22\">\n\t\t<span class=\"tribe-event-date-start\">May 22 @ 8:00 am<\/span> &#8211; <span class=\"tribe-event-date-end\">May 24 @ 5:00 pm<\/span>\t<\/time>\n\t<\/div>\n\t\t\t\t\t<h3 class=\"tribe-events-widget-events-list__event-title tribe-common-h7\">\n\t<a\n\t\thref=\"https:\/\/oco.ro\/?tribe_events=clisura-dunarii-malul-sarbesc-si-cel-romanesc\"\n\t\ttitle=\"Clisura Dun\u0103rii, malul s\u00e2rbesc si cel rom\u00e2nesc\"\n\t\trel=\"bookmark\"\n\t\tclass=\"tribe-events-widget-events-list__event-title-link tribe-common-anchor-thin\"\n\t>\n\t\tClisura Dun\u0103rii, malul s\u00e2rbesc si cel rom\u00e2nesc\t<\/a>\n<\/h3>\n\t\t\t\t<\/header>\n\n\t\t\t\t\n\t\t\t<\/div>\n\t\t<\/article>\n\t<\/div>\n\n<\/div>\n\t\t\t\t\t\t\t\t\t\t\t<div  class=\"tribe-common-g-row tribe-events-widget-events-list__event-row\" >\n\n\t<div class=\"tribe-events-widget-events-list__event-date-tag tribe-common-g-col\">\n\t<time class=\"tribe-events-widget-events-list__event-date-tag-datetime\" datetime=\"2026-06-11\">\n\t\t<span class=\"tribe-events-widget-events-list__event-date-tag-month\">\n\t\t\tJun\t\t<\/span>\n\t\t<span class=\"tribe-events-widget-events-list__event-date-tag-daynum tribe-common-h2 tribe-common-h4--min-medium\">\n\t\t\t11\t\t<\/span>\n\t<\/time>\n<\/div>\n\n\t<div class=\"tribe-events-widget-events-list__event-wrapper tribe-common-g-col\">\n\t\t<article  class=\"tribe-events-widget-events-list__event post-3508 tribe_events type-tribe_events status-publish hentry\" >\n\t\t\t<div class=\"tribe-events-widget-events-list__event-details\">\n\n\t\t\t\t<header class=\"tribe-events-widget-events-list__event-header\">\n\t\t\t\t\t<div class=\"tribe-events-widget-events-list__event-datetime-wrapper tribe-common-b2 tribe-common-b3--min-medium\">\n\t\t<time class=\"tribe-events-widget-events-list__event-datetime\" datetime=\"2026-06-11\">\n\t\t<span class=\"tribe-event-date-start\">June 11 @ 8:00 am<\/span> &#8211; <span class=\"tribe-event-date-end\">June 14 @ 5:00 pm<\/span>\t<\/time>\n\t<\/div>\n\t\t\t\t\t<h3 class=\"tribe-events-widget-events-list__event-title tribe-common-h7\">\n\t<a\n\t\thref=\"https:\/\/oco.ro\/?tribe_events=cheile-bicazului-si-ceahlau\"\n\t\ttitle=\"Cheile Bicazului si V\u00e2rful Toaca din Ceahl\u0103u\"\n\t\trel=\"bookmark\"\n\t\tclass=\"tribe-events-widget-events-list__event-title-link tribe-common-anchor-thin\"\n\t>\n\t\tCheile Bicazului si V\u00e2rful Toaca din Ceahl\u0103u\t<\/a>\n<\/h3>\n\t\t\t\t<\/header>\n\n\t\t\t\t\n\t\t\t<\/div>\n\t\t<\/article>\n\t<\/div>\n\n<\/div>\n\t\t\t\t\t\t\t\t\t\t\t<div  class=\"tribe-common-g-row tribe-events-widget-events-list__event-row\" >\n\n\t<div class=\"tribe-events-widget-events-list__event-date-tag tribe-common-g-col\">\n\t<time class=\"tribe-events-widget-events-list__event-date-tag-datetime\" datetime=\"2026-07-18\">\n\t\t<span class=\"tribe-events-widget-events-list__event-date-tag-month\">\n\t\t\tJul\t\t<\/span>\n\t\t<span class=\"tribe-events-widget-events-list__event-date-tag-daynum tribe-common-h2 tribe-common-h4--min-medium\">\n\t\t\t18\t\t<\/span>\n\t<\/time>\n<\/div>\n\n\t<div class=\"tribe-events-widget-events-list__event-wrapper tribe-common-g-col\">\n\t\t<article  class=\"tribe-events-widget-events-list__event post-3514 tribe_events type-tribe_events status-publish hentry\" >\n\t\t\t<div class=\"tribe-events-widget-events-list__event-details\">\n\n\t\t\t\t<header class=\"tribe-events-widget-events-list__event-header\">\n\t\t\t\t\t<div class=\"tribe-events-widget-events-list__event-datetime-wrapper tribe-common-b2 tribe-common-b3--min-medium\">\n\t\t<time class=\"tribe-events-widget-events-list__event-datetime\" datetime=\"2026-07-18\">\n\t\t<span class=\"tribe-event-date-start\">July 18 @ 8:00 am<\/span> &#8211; <span class=\"tribe-event-date-end\">July 27 @ 5:00 pm<\/span>\t<\/time>\n\t<\/div>\n\t\t\t\t\t<h3 class=\"tribe-events-widget-events-list__event-title tribe-common-h7\">\n\t<a\n\t\thref=\"https:\/\/oco.ro\/?tribe_events=kirghistan-heights-of-alay-valley-trek\"\n\t\ttitle=\"Kirghistan: Heights of Alay Valley Trek\"\n\t\trel=\"bookmark\"\n\t\tclass=\"tribe-events-widget-events-list__event-title-link tribe-common-anchor-thin\"\n\t>\n\t\tKirghistan: Heights of Alay Valley Trek\t<\/a>\n<\/h3>\n\t\t\t\t<\/header>\n\n\t\t\t\t\n\t\t\t<\/div>\n\t\t<\/article>\n\t<\/div>\n\n<\/div>\n\t\t\t\t\t\t\t\t\t<\/div>\n\n\t\t\t\t<div class=\"tribe-events-widget-events-list__view-more tribe-common-b1 tribe-common-b2--min-medium\">\n\t<a\n\t\thref=\"https:\/\/oco.ro\"\n\t\tclass=\"tribe-events-widget-events-list__view-more-link tribe-common-anchor-thin\"\n\t\ttitle=\"View more events.\"\n\t>\n\t\tView Calendar\t<\/a>\n<\/div>\n\n\t\t\t\t\t<\/div>\n\t<\/div>\n<\/div>\n<script data-js='tribe-events-view-nonce-data' type='application\/json'>{\"_tec_view_rest_nonce_primary\":\"c7f66b21d0\",\"_tec_view_rest_nonce_secondary\":\"\"}<\/script>\n\n\n\n<p class=\"has-text-align-center has-x-large-font-size\">Complete list <a href=\"https:\/\/oco.ro\/?post_type=tribe_events&amp;eventDisplay=list\">here<\/a><\/p>\n","protected":false},"excerpt":{"rendered":"<p>Complete list here<\/p>\n","protected":false},"author":1,"featured_media":0,"parent":0,"menu_order":0,"comment_status":"closed","ping_status":"closed","template":"page-templates\/page_fullwidth.php","meta":{"footnotes":""},"class_list":["post-2760","page","type-page","status-publish","hentry"],"_links":{"self":[{"href":"https:\/\/oco.ro\/index.php?rest_route=\/wp\/v2\/pages\/2760"}],"collection":[{"href":"https:\/\/oco.ro\/index.php?rest_route=\/wp\/v2\/pages"}],"about":[{"href":"https:\/\/oco.ro\/index.php?rest_route=\/wp\/v2\/types\/page"}],"author":[{"embeddable":true,"href":"https:\/\/oco.ro\/index.php?rest_route=\/wp\/v2\/users\/1"}],"replies":[{"embeddable":true,"href":"https:\/\/oco.ro\/index.php?rest_route=%2Fwp%2Fv2%2Fcomments&post=2760"}],"version-history":[{"count":34,"href":"https:\/\/oco.ro\/index.php?rest_route=\/wp\/v2\/pages\/2760\/revisions"}],"predecessor-version":[{"id":3213,"href":"https:\/\/oco.ro\/index.php?rest_route=\/wp\/v2\/pages\/2760\/revisions\/3213"}],"wp:attachment":[{"href":"https:\/\/oco.ro\/index.php?rest_route=%2Fwp%2Fv2%2Fmedia&parent=2760"}],"curies":[{"name":"wp","href":"https:\/\/api.w.org\/{rel}","templated":true}]}}